{"id":220,"date":"2025-10-01T14:53:14","date_gmt":"2025-10-01T14:53:14","guid":{"rendered":"https:\/\/ladymargo.pl\/?post_type=product&#038;p=220"},"modified":"2025-10-20T15:17:30","modified_gmt":"2025-10-20T15:17:30","slug":"obraz-geisha-na-tle-ksiezyca","status":"publish","type":"product","link":"https:\/\/ladymargo.pl\/?product=obraz-geisha-na-tle-ksiezyca","title":{"rendered":"Obraz &#8222;Geisha na tle ksi\u0119\u017cyca&#8221;"},"content":{"rendered":"<p>Obraz malowany farbami akrylowymi na p\u0142\u00f3tnie. Geisha w pi\u0119knym czerwonym kimonie na tle ksi\u0119\u017cyca.<\/p>\n","protected":false},"excerpt":{"rendered":"<p>Obraz malowany farbami akrylowymi na p\u0142\u00f3tnie. Geisha w pi\u0119knym czerwonym kimonie na tle ksi\u0119\u017cyca.<\/p>\n","protected":false},"featured_media":221,"comment_status":"open","ping_status":"closed","template":"","meta":{"_et_pb_use_builder":"","_et_pb_old_content":"","_et_gb_content_width":""},"product_brand":[],"product_cat":[18],"product_tag":[],"class_list":{"0":"post-220","1":"product","2":"type-product","3":"status-publish","4":"has-post-thumbnail","6":"product_cat-obrazy","8":"first","9":"instock","10":"shipping-taxable","11":"purchasable","12":"product-type-simple"},"yoast_head":"<!-- This site is optimized with the Yoast SEO plugin v25.8 - https:\/\/yoast.com\/wordpress\/plugins\/seo\/ -->\n<title>Obraz &quot;Geisha na tle ksi\u0119\u017cyca&quot; - Lady MARGO<\/title>\n<meta name=\"robots\" content=\"noindex, follow, max-snippet:-1, max-image-preview:large, max-video-preview:-1\" \/>\n<meta property=\"og:locale\" content=\"pl_PL\" \/>\n<meta property=\"og:type\" content=\"article\" \/>\n<meta property=\"og:title\" content=\"Obraz &quot;Geisha na tle ksi\u0119\u017cyca&quot; - Lady MARGO\" \/>\n<meta property=\"og:description\" content=\"Obraz malowany farbami akrylowymi na p\u0142\u00f3tnie. Geisha w pi\u0119knym czerwonym kimonie na tle ksi\u0119\u017cyca.\" \/>\n<meta property=\"og:url\" content=\"https:\/\/ladymargo.pl\/?product=obraz-geisha-na-tle-ksiezyca\" \/>\n<meta property=\"og:site_name\" content=\"Lady MARGO\" \/>\n<meta property=\"article:modified_time\" content=\"2025-10-20T15:17:30+00:00\" \/>\n<meta property=\"og:image\" content=\"https:\/\/ladymargo.pl\/wp-content\/uploads\/2025\/10\/Obraz-geisha-na-tle-ksiezyca.webp\" \/>\n\t<meta property=\"og:image:width\" content=\"2500\" \/>\n\t<meta property=\"og:image:height\" content=\"2500\" \/>\n\t<meta property=\"og:image:type\" content=\"image\/webp\" \/>\n<meta name=\"twitter:card\" content=\"summary_large_image\" \/>\n<meta name=\"twitter:label1\" content=\"Szacowany czas czytania\" \/>\n\t<meta name=\"twitter:data1\" content=\"1 minuta\" \/>\n<script type=\"application\/ld+json\" class=\"yoast-schema-graph\">{\"@context\":\"https:\/\/schema.org\",\"@graph\":[{\"@type\":\"WebPage\",\"@id\":\"https:\/\/ladymargo.pl\/?product=obraz-geisha-na-tle-ksiezyca\",\"url\":\"https:\/\/ladymargo.pl\/?product=obraz-geisha-na-tle-ksiezyca\",\"name\":\"Obraz \\\"Geisha na tle ksi\u0119\u017cyca\\\" - Lady MARGO\",\"isPartOf\":{\"@id\":\"https:\/\/ladymargo.pl\/#website\"},\"primaryImageOfPage\":{\"@id\":\"https:\/\/ladymargo.pl\/?product=obraz-geisha-na-tle-ksiezyca#primaryimage\"},\"image\":{\"@id\":\"https:\/\/ladymargo.pl\/?product=obraz-geisha-na-tle-ksiezyca#primaryimage\"},\"thumbnailUrl\":\"https:\/\/ladymargo.pl\/wp-content\/uploads\/2025\/10\/Obraz-geisha-na-tle-ksiezyca.webp\",\"datePublished\":\"2025-10-01T14:53:14+00:00\",\"dateModified\":\"2025-10-20T15:17:30+00:00\",\"breadcrumb\":{\"@id\":\"https:\/\/ladymargo.pl\/?product=obraz-geisha-na-tle-ksiezyca#breadcrumb\"},\"inLanguage\":\"pl-PL\",\"potentialAction\":[{\"@type\":\"ReadAction\",\"target\":[\"https:\/\/ladymargo.pl\/?product=obraz-geisha-na-tle-ksiezyca\"]}]},{\"@type\":\"ImageObject\",\"inLanguage\":\"pl-PL\",\"@id\":\"https:\/\/ladymargo.pl\/?product=obraz-geisha-na-tle-ksiezyca#primaryimage\",\"url\":\"https:\/\/ladymargo.pl\/wp-content\/uploads\/2025\/10\/Obraz-geisha-na-tle-ksiezyca.webp\",\"contentUrl\":\"https:\/\/ladymargo.pl\/wp-content\/uploads\/2025\/10\/Obraz-geisha-na-tle-ksiezyca.webp\",\"width\":2500,\"height\":2500},{\"@type\":\"BreadcrumbList\",\"@id\":\"https:\/\/ladymargo.pl\/?product=obraz-geisha-na-tle-ksiezyca#breadcrumb\",\"itemListElement\":[{\"@type\":\"ListItem\",\"position\":1,\"name\":\"Strona g\u0142\u00f3wna\",\"item\":\"https:\/\/ladymargo.pl\/\"},{\"@type\":\"ListItem\",\"position\":2,\"name\":\"Sklep Lady MARGO\",\"item\":\"https:\/\/ladymargo.pl\/?page_id=56\"},{\"@type\":\"ListItem\",\"position\":3,\"name\":\"Obraz &#8222;Geisha na tle ksi\u0119\u017cyca&#8221;\"}]},{\"@type\":\"WebSite\",\"@id\":\"https:\/\/ladymargo.pl\/#website\",\"url\":\"https:\/\/ladymargo.pl\/\",\"name\":\"Lady MARGO\",\"description\":\"Kaligrafie | Obrazy | Kimona | Haori | Furoshiki\",\"potentialAction\":[{\"@type\":\"SearchAction\",\"target\":{\"@type\":\"EntryPoint\",\"urlTemplate\":\"https:\/\/ladymargo.pl\/?s={search_term_string}\"},\"query-input\":{\"@type\":\"PropertyValueSpecification\",\"valueRequired\":true,\"valueName\":\"search_term_string\"}}],\"inLanguage\":\"pl-PL\"}]}<\/script>\n<!-- \/ Yoast SEO plugin. -->","yoast_head_json":{"title":"Obraz \"Geisha na tle ksi\u0119\u017cyca\" - Lady MARGO","robots":{"index":"noindex","follow":"follow","max-snippet":"max-snippet:-1","max-image-preview":"max-image-preview:large","max-video-preview":"max-video-preview:-1"},"og_locale":"pl_PL","og_type":"article","og_title":"Obraz \"Geisha na tle ksi\u0119\u017cyca\" - Lady MARGO","og_description":"Obraz malowany farbami akrylowymi na p\u0142\u00f3tnie. Geisha w pi\u0119knym czerwonym kimonie na tle ksi\u0119\u017cyca.","og_url":"https:\/\/ladymargo.pl\/?product=obraz-geisha-na-tle-ksiezyca","og_site_name":"Lady MARGO","article_modified_time":"2025-10-20T15:17:30+00:00","og_image":[{"width":2500,"height":2500,"url":"https:\/\/ladymargo.pl\/wp-content\/uploads\/2025\/10\/Obraz-geisha-na-tle-ksiezyca.webp","type":"image\/webp"}],"twitter_card":"summary_large_image","twitter_misc":{"Szacowany czas czytania":"1 minuta"},"schema":{"@context":"https:\/\/schema.org","@graph":[{"@type":"WebPage","@id":"https:\/\/ladymargo.pl\/?product=obraz-geisha-na-tle-ksiezyca","url":"https:\/\/ladymargo.pl\/?product=obraz-geisha-na-tle-ksiezyca","name":"Obraz \"Geisha na tle ksi\u0119\u017cyca\" - Lady MARGO","isPartOf":{"@id":"https:\/\/ladymargo.pl\/#website"},"primaryImageOfPage":{"@id":"https:\/\/ladymargo.pl\/?product=obraz-geisha-na-tle-ksiezyca#primaryimage"},"image":{"@id":"https:\/\/ladymargo.pl\/?product=obraz-geisha-na-tle-ksiezyca#primaryimage"},"thumbnailUrl":"https:\/\/ladymargo.pl\/wp-content\/uploads\/2025\/10\/Obraz-geisha-na-tle-ksiezyca.webp","datePublished":"2025-10-01T14:53:14+00:00","dateModified":"2025-10-20T15:17:30+00:00","breadcrumb":{"@id":"https:\/\/ladymargo.pl\/?product=obraz-geisha-na-tle-ksiezyca#breadcrumb"},"inLanguage":"pl-PL","potentialAction":[{"@type":"ReadAction","target":["https:\/\/ladymargo.pl\/?product=obraz-geisha-na-tle-ksiezyca"]}]},{"@type":"ImageObject","inLanguage":"pl-PL","@id":"https:\/\/ladymargo.pl\/?product=obraz-geisha-na-tle-ksiezyca#primaryimage","url":"https:\/\/ladymargo.pl\/wp-content\/uploads\/2025\/10\/Obraz-geisha-na-tle-ksiezyca.webp","contentUrl":"https:\/\/ladymargo.pl\/wp-content\/uploads\/2025\/10\/Obraz-geisha-na-tle-ksiezyca.webp","width":2500,"height":2500},{"@type":"BreadcrumbList","@id":"https:\/\/ladymargo.pl\/?product=obraz-geisha-na-tle-ksiezyca#breadcrumb","itemListElement":[{"@type":"ListItem","position":1,"name":"Strona g\u0142\u00f3wna","item":"https:\/\/ladymargo.pl\/"},{"@type":"ListItem","position":2,"name":"Sklep Lady MARGO","item":"https:\/\/ladymargo.pl\/?page_id=56"},{"@type":"ListItem","position":3,"name":"Obraz &#8222;Geisha na tle ksi\u0119\u017cyca&#8221;"}]},{"@type":"WebSite","@id":"https:\/\/ladymargo.pl\/#website","url":"https:\/\/ladymargo.pl\/","name":"Lady MARGO","description":"Kaligrafie | Obrazy | Kimona | Haori | Furoshiki","potentialAction":[{"@type":"SearchAction","target":{"@type":"EntryPoint","urlTemplate":"https:\/\/ladymargo.pl\/?s={search_term_string}"},"query-input":{"@type":"PropertyValueSpecification","valueRequired":true,"valueName":"search_term_string"}}],"inLanguage":"pl-PL"}]}},"_links":{"self":[{"href":"https:\/\/ladymargo.pl\/index.php?rest_route=\/wp\/v2\/product\/220","targetHints":{"allow":["GET"]}}],"collection":[{"href":"https:\/\/ladymargo.pl\/index.php?rest_route=\/wp\/v2\/product"}],"about":[{"href":"https:\/\/ladymargo.pl\/index.php?rest_route=\/wp\/v2\/types\/product"}],"replies":[{"embeddable":true,"href":"https:\/\/ladymargo.pl\/index.php?rest_route=%2Fwp%2Fv2%2Fcomments&post=220"}],"wp:featuredmedia":[{"embeddable":true,"href":"https:\/\/ladymargo.pl\/index.php?rest_route=\/wp\/v2\/media\/221"}],"wp:attachment":[{"href":"https:\/\/ladymargo.pl\/index.php?rest_route=%2Fwp%2Fv2%2Fmedia&parent=220"}],"wp:term":[{"taxonomy":"product_brand","embeddable":true,"href":"https:\/\/ladymargo.pl\/index.php?rest_route=%2Fwp%2Fv2%2Fproduct_brand&post=220"},{"taxonomy":"product_cat","embeddable":true,"href":"https:\/\/ladymargo.pl\/index.php?rest_route=%2Fwp%2Fv2%2Fproduct_cat&post=220"},{"taxonomy":"product_tag","embeddable":true,"href":"https:\/\/ladymargo.pl\/index.php?rest_route=%2Fwp%2Fv2%2Fproduct_tag&post=220"}],"curies":[{"name":"wp","href":"https:\/\/api.w.org\/{rel}","templated":true}]}}