{"id":217,"date":"2025-10-01T14:33:20","date_gmt":"2025-10-01T14:33:20","guid":{"rendered":"https:\/\/ladymargo.pl\/?post_type=product&#038;p=217"},"modified":"2025-10-20T14:42:27","modified_gmt":"2025-10-20T14:42:27","slug":"furoshiki-kwiaty","status":"publish","type":"product","link":"https:\/\/ladymargo.pl\/?product=furoshiki-kwiaty","title":{"rendered":"Furoshiki &#8222;kwiaty&#8221;"},"content":{"rendered":"<p>Dwustronna chusta furoshki w kolorze czarnym w du\u017cy wz\u00f3r kwiat\u00f3w wisni.<\/p>\n<p>Chusta jest bawe\u0142niana i dwustronna. Z drugiej strony kolor jest jednolicie czarny. To chusta idealnie nadaj\u0105ca si\u0119 na spakowanie wi\u0119kszych prezent\u00f3w lub po odpowiednim zwi\u0105zaniu jako torba.<\/p>\n<p>Rozmiar: 100x100cm<\/p>\n","protected":false},"excerpt":{"rendered":"<p>Dwustronna chusta furoshki w kolorze czarnym w du\u017cy wz\u00f3r kwiat\u00f3w wisni. Chusta jest bawe\u0142niana i dwustronna. Z drugiej strony kolor jest jednolicie czarny. To chusta idealnie nadaj\u0105ca si\u0119 na spakowanie wi\u0119kszych prezent\u00f3w lub po odpowiednim zwi\u0105zaniu jako torba. Rozmiar: 100x100cm<\/p>\n","protected":false},"featured_media":218,"comment_status":"closed","ping_status":"closed","template":"","meta":{"_et_pb_use_builder":"","_et_pb_old_content":"","_et_gb_content_width":""},"product_brand":[28],"product_cat":[22],"product_tag":[],"class_list":{"0":"post-217","1":"product","2":"type-product","3":"status-publish","4":"has-post-thumbnail","6":"product_brand-lady-margo","7":"product_cat-furoshiki","9":"first","10":"instock","11":"shipping-taxable","12":"purchasable","13":"product-type-simple"},"yoast_head":"<!-- This site is optimized with the Yoast SEO plugin v25.8 - https:\/\/yoast.com\/wordpress\/plugins\/seo\/ -->\n<title>Furoshiki &quot;kwiaty&quot; - Lady MARGO<\/title>\n<meta name=\"robots\" content=\"noindex, follow, max-snippet:-1, max-image-preview:large, max-video-preview:-1\" \/>\n<meta property=\"og:locale\" content=\"pl_PL\" \/>\n<meta property=\"og:type\" content=\"article\" \/>\n<meta property=\"og:title\" content=\"Furoshiki &quot;kwiaty&quot; - Lady MARGO\" \/>\n<meta property=\"og:description\" content=\"Dwustronna chusta furoshki w kolorze czarnym w du\u017cy wz\u00f3r kwiat\u00f3w wisni. Chusta jest bawe\u0142niana i dwustronna. Z drugiej strony kolor jest jednolicie czarny. To chusta idealnie nadaj\u0105ca si\u0119 na spakowanie wi\u0119kszych prezent\u00f3w lub po odpowiednim zwi\u0105zaniu jako torba. Rozmiar: 100x100cm\" \/>\n<meta property=\"og:url\" content=\"https:\/\/ladymargo.pl\/?product=furoshiki-kwiaty\" \/>\n<meta property=\"og:site_name\" content=\"Lady MARGO\" \/>\n<meta property=\"article:modified_time\" content=\"2025-10-20T14:42:27+00:00\" \/>\n<meta property=\"og:image\" content=\"https:\/\/ladymargo.pl\/wp-content\/uploads\/2025\/10\/Furoshiki-sliwa.webp\" \/>\n\t<meta property=\"og:image:width\" content=\"2500\" \/>\n\t<meta property=\"og:image:height\" content=\"2500\" \/>\n\t<meta property=\"og:image:type\" content=\"image\/webp\" \/>\n<meta name=\"twitter:card\" content=\"summary_large_image\" \/>\n<meta name=\"twitter:label1\" content=\"Szacowany czas czytania\" \/>\n\t<meta name=\"twitter:data1\" content=\"1 minuta\" \/>\n<script type=\"application\/ld+json\" class=\"yoast-schema-graph\">{\"@context\":\"https:\/\/schema.org\",\"@graph\":[{\"@type\":\"WebPage\",\"@id\":\"https:\/\/ladymargo.pl\/?product=furoshiki-kwiaty\",\"url\":\"https:\/\/ladymargo.pl\/?product=furoshiki-kwiaty\",\"name\":\"Furoshiki \\\"kwiaty\\\" - Lady MARGO\",\"isPartOf\":{\"@id\":\"https:\/\/ladymargo.pl\/#website\"},\"primaryImageOfPage\":{\"@id\":\"https:\/\/ladymargo.pl\/?product=furoshiki-kwiaty#primaryimage\"},\"image\":{\"@id\":\"https:\/\/ladymargo.pl\/?product=furoshiki-kwiaty#primaryimage\"},\"thumbnailUrl\":\"https:\/\/ladymargo.pl\/wp-content\/uploads\/2025\/10\/Furoshiki-sliwa.webp\",\"datePublished\":\"2025-10-01T14:33:20+00:00\",\"dateModified\":\"2025-10-20T14:42:27+00:00\",\"breadcrumb\":{\"@id\":\"https:\/\/ladymargo.pl\/?product=furoshiki-kwiaty#breadcrumb\"},\"inLanguage\":\"pl-PL\",\"potentialAction\":[{\"@type\":\"ReadAction\",\"target\":[\"https:\/\/ladymargo.pl\/?product=furoshiki-kwiaty\"]}]},{\"@type\":\"ImageObject\",\"inLanguage\":\"pl-PL\",\"@id\":\"https:\/\/ladymargo.pl\/?product=furoshiki-kwiaty#primaryimage\",\"url\":\"https:\/\/ladymargo.pl\/wp-content\/uploads\/2025\/10\/Furoshiki-sliwa.webp\",\"contentUrl\":\"https:\/\/ladymargo.pl\/wp-content\/uploads\/2025\/10\/Furoshiki-sliwa.webp\",\"width\":2500,\"height\":2500},{\"@type\":\"BreadcrumbList\",\"@id\":\"https:\/\/ladymargo.pl\/?product=furoshiki-kwiaty#breadcrumb\",\"itemListElement\":[{\"@type\":\"ListItem\",\"position\":1,\"name\":\"Strona g\u0142\u00f3wna\",\"item\":\"https:\/\/ladymargo.pl\/\"},{\"@type\":\"ListItem\",\"position\":2,\"name\":\"Sklep Lady MARGO\",\"item\":\"https:\/\/ladymargo.pl\/?page_id=56\"},{\"@type\":\"ListItem\",\"position\":3,\"name\":\"Furoshiki &#8222;kwiaty&#8221;\"}]},{\"@type\":\"WebSite\",\"@id\":\"https:\/\/ladymargo.pl\/#website\",\"url\":\"https:\/\/ladymargo.pl\/\",\"name\":\"Lady MARGO\",\"description\":\"Kaligrafie | Obrazy | Kimona | Haori | Furoshiki\",\"potentialAction\":[{\"@type\":\"SearchAction\",\"target\":{\"@type\":\"EntryPoint\",\"urlTemplate\":\"https:\/\/ladymargo.pl\/?s={search_term_string}\"},\"query-input\":{\"@type\":\"PropertyValueSpecification\",\"valueRequired\":true,\"valueName\":\"search_term_string\"}}],\"inLanguage\":\"pl-PL\"}]}<\/script>\n<!-- \/ Yoast SEO plugin. -->","yoast_head_json":{"title":"Furoshiki \"kwiaty\" - Lady MARGO","robots":{"index":"noindex","follow":"follow","max-snippet":"max-snippet:-1","max-image-preview":"max-image-preview:large","max-video-preview":"max-video-preview:-1"},"og_locale":"pl_PL","og_type":"article","og_title":"Furoshiki \"kwiaty\" - Lady MARGO","og_description":"Dwustronna chusta furoshki w kolorze czarnym w du\u017cy wz\u00f3r kwiat\u00f3w wisni. Chusta jest bawe\u0142niana i dwustronna. Z drugiej strony kolor jest jednolicie czarny. To chusta idealnie nadaj\u0105ca si\u0119 na spakowanie wi\u0119kszych prezent\u00f3w lub po odpowiednim zwi\u0105zaniu jako torba. Rozmiar: 100x100cm","og_url":"https:\/\/ladymargo.pl\/?product=furoshiki-kwiaty","og_site_name":"Lady MARGO","article_modified_time":"2025-10-20T14:42:27+00:00","og_image":[{"width":2500,"height":2500,"url":"https:\/\/ladymargo.pl\/wp-content\/uploads\/2025\/10\/Furoshiki-sliwa.webp","type":"image\/webp"}],"twitter_card":"summary_large_image","twitter_misc":{"Szacowany czas czytania":"1 minuta"},"schema":{"@context":"https:\/\/schema.org","@graph":[{"@type":"WebPage","@id":"https:\/\/ladymargo.pl\/?product=furoshiki-kwiaty","url":"https:\/\/ladymargo.pl\/?product=furoshiki-kwiaty","name":"Furoshiki \"kwiaty\" - Lady MARGO","isPartOf":{"@id":"https:\/\/ladymargo.pl\/#website"},"primaryImageOfPage":{"@id":"https:\/\/ladymargo.pl\/?product=furoshiki-kwiaty#primaryimage"},"image":{"@id":"https:\/\/ladymargo.pl\/?product=furoshiki-kwiaty#primaryimage"},"thumbnailUrl":"https:\/\/ladymargo.pl\/wp-content\/uploads\/2025\/10\/Furoshiki-sliwa.webp","datePublished":"2025-10-01T14:33:20+00:00","dateModified":"2025-10-20T14:42:27+00:00","breadcrumb":{"@id":"https:\/\/ladymargo.pl\/?product=furoshiki-kwiaty#breadcrumb"},"inLanguage":"pl-PL","potentialAction":[{"@type":"ReadAction","target":["https:\/\/ladymargo.pl\/?product=furoshiki-kwiaty"]}]},{"@type":"ImageObject","inLanguage":"pl-PL","@id":"https:\/\/ladymargo.pl\/?product=furoshiki-kwiaty#primaryimage","url":"https:\/\/ladymargo.pl\/wp-content\/uploads\/2025\/10\/Furoshiki-sliwa.webp","contentUrl":"https:\/\/ladymargo.pl\/wp-content\/uploads\/2025\/10\/Furoshiki-sliwa.webp","width":2500,"height":2500},{"@type":"BreadcrumbList","@id":"https:\/\/ladymargo.pl\/?product=furoshiki-kwiaty#breadcrumb","itemListElement":[{"@type":"ListItem","position":1,"name":"Strona g\u0142\u00f3wna","item":"https:\/\/ladymargo.pl\/"},{"@type":"ListItem","position":2,"name":"Sklep Lady MARGO","item":"https:\/\/ladymargo.pl\/?page_id=56"},{"@type":"ListItem","position":3,"name":"Furoshiki &#8222;kwiaty&#8221;"}]},{"@type":"WebSite","@id":"https:\/\/ladymargo.pl\/#website","url":"https:\/\/ladymargo.pl\/","name":"Lady MARGO","description":"Kaligrafie | Obrazy | Kimona | Haori | Furoshiki","potentialAction":[{"@type":"SearchAction","target":{"@type":"EntryPoint","urlTemplate":"https:\/\/ladymargo.pl\/?s={search_term_string}"},"query-input":{"@type":"PropertyValueSpecification","valueRequired":true,"valueName":"search_term_string"}}],"inLanguage":"pl-PL"}]}},"_links":{"self":[{"href":"https:\/\/ladymargo.pl\/index.php?rest_route=\/wp\/v2\/product\/217","targetHints":{"allow":["GET"]}}],"collection":[{"href":"https:\/\/ladymargo.pl\/index.php?rest_route=\/wp\/v2\/product"}],"about":[{"href":"https:\/\/ladymargo.pl\/index.php?rest_route=\/wp\/v2\/types\/product"}],"replies":[{"embeddable":true,"href":"https:\/\/ladymargo.pl\/index.php?rest_route=%2Fwp%2Fv2%2Fcomments&post=217"}],"wp:featuredmedia":[{"embeddable":true,"href":"https:\/\/ladymargo.pl\/index.php?rest_route=\/wp\/v2\/media\/218"}],"wp:attachment":[{"href":"https:\/\/ladymargo.pl\/index.php?rest_route=%2Fwp%2Fv2%2Fmedia&parent=217"}],"wp:term":[{"taxonomy":"product_brand","embeddable":true,"href":"https:\/\/ladymargo.pl\/index.php?rest_route=%2Fwp%2Fv2%2Fproduct_brand&post=217"},{"taxonomy":"product_cat","embeddable":true,"href":"https:\/\/ladymargo.pl\/index.php?rest_route=%2Fwp%2Fv2%2Fproduct_cat&post=217"},{"taxonomy":"product_tag","embeddable":true,"href":"https:\/\/ladymargo.pl\/index.php?rest_route=%2Fwp%2Fv2%2Fproduct_tag&post=217"}],"curies":[{"name":"wp","href":"https:\/\/api.w.org\/{rel}","templated":true}]}}