{"id":75,"date":"2025-09-14T13:33:16","date_gmt":"2025-09-14T13:33:16","guid":{"rendered":"https:\/\/ladymargo.pl\/?page_id=75"},"modified":"2025-10-14T16:05:33","modified_gmt":"2025-10-14T16:05:33","slug":"kaligrafia","status":"publish","type":"page","link":"https:\/\/ladymargo.pl\/?page_id=75","title":{"rendered":"Kaligrafia"},"content":{"rendered":"<p>[et_pb_section fb_built=&#8221;1&#8243; _builder_version=&#8221;4.27.4&#8243; _module_preset=&#8221;default&#8221; background_image=&#8221;https:\/\/ladymargo.pl\/wp-content\/uploads\/2025\/09\/kaigrafie.webp&#8221; custom_padding=&#8221;54px||54px||true|&#8221; global_colors_info=&#8221;{}&#8221;][et_pb_row _builder_version=&#8221;4.27.4&#8243; _module_preset=&#8221;default&#8221; custom_padding=&#8221;0px||0px|||&#8221; global_colors_info=&#8221;{}&#8221;][et_pb_column type=&#8221;4_4&#8243; _builder_version=&#8221;4.27.4&#8243; _module_preset=&#8221;default&#8221; global_colors_info=&#8221;{}&#8221;][et_pb_text _builder_version=&#8221;4.27.4&#8243; _module_preset=&#8221;default&#8221; header_font=&#8221;Montserrat|300|||||||&#8221; header_text_color=&#8221;#FFFFFF&#8221; background_color=&#8221;gcid-cdb61b0b-b364-4c35-97b8-35fa6b8329cc&#8221; text_orientation=&#8221;center&#8221; width=&#8221;165px&#8221; width_tablet=&#8221;190px&#8221; width_phone=&#8221;180px&#8221; width_last_edited=&#8221;on|tablet&#8221; module_alignment=&#8221;center&#8221; custom_margin=&#8221;||||false|false&#8221; custom_padding=&#8221;60px||60px||true|false&#8221; hover_enabled=&#8221;0&#8243; header_font_size_tablet=&#8221;24px&#8221; header_font_size_phone=&#8221;20px&#8221; header_font_size_last_edited=&#8221;on|phone&#8221; border_radii=&#8221;on|808px|808px|808px|808px&#8221; global_colors_info=&#8221;{%22gcid-cdb61b0b-b364-4c35-97b8-35fa6b8329cc%22:%91%22background_color%22%93}&#8221; sticky_enabled=&#8221;0&#8243;]<\/p>\n<h1 style=\"text-align: center;\">SUMI-e<\/h1>\n<p>[\/et_pb_text][\/et_pb_column][\/et_pb_row][\/et_pb_section][et_pb_section fb_built=&#8221;1&#8243; _builder_version=&#8221;4.27.4&#8243; _module_preset=&#8221;default&#8221; global_colors_info=&#8221;{}&#8221;][et_pb_row column_structure=&#8221;1_3,1_3,1_3&#8243; _builder_version=&#8221;4.27.4&#8243; _module_preset=&#8221;default&#8221; global_colors_info=&#8221;{}&#8221;][et_pb_column type=&#8221;1_3&#8243; _builder_version=&#8221;4.27.4&#8243; _module_preset=&#8221;default&#8221; global_colors_info=&#8221;{}&#8221;][et_pb_image src=&#8221;https:\/\/ladymargo.pl\/wp-content\/uploads\/2025\/09\/IKONY-4.png&#8221; title_text=&#8221;IKONY-4&#8243; _builder_version=&#8221;4.27.4&#8243; _module_preset=&#8221;default&#8221; global_colors_info=&#8221;{}&#8221;][\/et_pb_image][et_pb_text _builder_version=&#8221;4.27.4&#8243; _module_preset=&#8221;default&#8221; header_2_font=&#8221;Montserrat|300|||||||&#8221; header_2_font_size=&#8221;39px&#8221; header_2_line_height=&#8221;1.2em&#8221; global_colors_info=&#8221;{}&#8221;]<\/p>\n<h2>Malarstwo SUMI-e<\/h2>\n<p>[\/et_pb_text][et_pb_divider color=&#8221;gcid-cdb61b0b-b364-4c35-97b8-35fa6b8329cc&#8221; divider_weight=&#8221;2px&#8221; _builder_version=&#8221;4.27.4&#8243; _module_preset=&#8221;default&#8221; width=&#8221;200px&#8221; hover_enabled=&#8221;0&#8243; global_colors_info=&#8221;{%22gcid-cdb61b0b-b364-4c35-97b8-35fa6b8329cc%22:%91%22color%22%93}&#8221; sticky_enabled=&#8221;0&#8243;][\/et_pb_divider][\/et_pb_column][et_pb_column type=&#8221;1_3&#8243; _builder_version=&#8221;4.27.4&#8243; _module_preset=&#8221;default&#8221; global_colors_info=&#8221;{}&#8221;][et_pb_text _builder_version=&#8221;4.27.4&#8243; _module_preset=&#8221;default&#8221; text_font=&#8221;Montserrat||||||||&#8221; hover_enabled=&#8221;0&#8243; global_colors_info=&#8221;{}&#8221; sticky_enabled=&#8221;0&#8243;]<\/p>\n<p>Czyli tradycyjne malartstwo czarnym tuszem na\u00a0cie\u0144kim papierze. Jego tematami s\u0105\u00a0zazwyczaj bambusy, chryzantemy, kwiaty \u015bliwy, storczyki (ten zstaw to\u00a0tak\u00a0zwani Four Nobles). Ale\u00a0r\u00f3wnie\u017c zwierz\u0119ta &#8211; pandy, kurczaki, tygrysy lub fantastyczne stworzenia jak smoki.<\/p>\n<p>Malarstwo tuszem nie pozwala na powtarzanie poci\u0105gni\u0119\u0107 p\u0119dzla. Raz po\u0142o\u017cona kreska jest finalna co uczy akceptacji i samodyscypliny podczas malowania. Nieod\u0142\u0105czn\u0105 cz\u0119\u015bci\u0105 tak namalowanego obrazu jest pusta, bia\u0142a i niczym nie wype\u0142niona przestrze\u0144, kt\u00f3ra tworzy ca\u0142o\u015b\u0107 kompozycji.<\/p>\n<p>Sumi-e jest wizualnie minimalistyczne i\u00a0pi\u0119knie wpasuje si\u0119 w\u00a0ka\u017cde wn\u0119trze.<\/p>\n<p>[\/et_pb_text][\/et_pb_column][et_pb_column type=&#8221;1_3&#8243; _builder_version=&#8221;4.27.4&#8243; _module_preset=&#8221;default&#8221; global_colors_info=&#8221;{}&#8221;][et_pb_image src=&#8221;https:\/\/ladymargo.pl\/wp-content\/uploads\/2025\/09\/kaigrafie-Lady-MARGO-scaled.webp&#8221; title_text=&#8221;kaigrafie Lady MARGO&#8221; _builder_version=&#8221;4.27.4&#8243; _module_preset=&#8221;default&#8221; global_colors_info=&#8221;{}&#8221;][\/et_pb_image][\/et_pb_column][\/et_pb_row][\/et_pb_section][et_pb_section fb_built=&#8221;1&#8243; _builder_version=&#8221;4.27.4&#8243; _module_preset=&#8221;default&#8221; background_color=&#8221;#f7f7f7&#8243; custom_padding=&#8221;31px||138px|||&#8221; global_colors_info=&#8221;{}&#8221;][et_pb_row _builder_version=&#8221;4.27.4&#8243; _module_preset=&#8221;default&#8221; global_colors_info=&#8221;{}&#8221;][et_pb_column type=&#8221;4_4&#8243; _builder_version=&#8221;4.27.4&#8243; _module_preset=&#8221;default&#8221; global_colors_info=&#8221;{}&#8221;][et_pb_text _builder_version=&#8221;4.27.4&#8243; _module_preset=&#8221;default&#8221; header_2_font=&#8221;Montserrat|300|||||||&#8221; header_2_font_size=&#8221;39px&#8221; header_2_line_height=&#8221;1.2em&#8221; global_colors_info=&#8221;{}&#8221;]<\/p>\n<h2 style=\"text-align: center;\">Materia\u0142y<\/h2>\n<p>[\/et_pb_text][et_pb_divider color=&#8221;gcid-cdb61b0b-b364-4c35-97b8-35fa6b8329cc&#8221; divider_weight=&#8221;2px&#8221; _builder_version=&#8221;4.27.4&#8243; _module_preset=&#8221;default&#8221; width=&#8221;200px&#8221; module_alignment=&#8221;center&#8221; hover_enabled=&#8221;0&#8243; global_colors_info=&#8221;{%22gcid-cdb61b0b-b364-4c35-97b8-35fa6b8329cc%22:%91%22color%22%93}&#8221; sticky_enabled=&#8221;0&#8243;][\/et_pb_divider][\/et_pb_column][\/et_pb_row][et_pb_row column_structure=&#8221;1_4,1_4,1_4,1_4&#8243; _builder_version=&#8221;4.27.4&#8243; _module_preset=&#8221;default&#8221; max_width=&#8221;1440px&#8221; global_colors_info=&#8221;{}&#8221;][et_pb_column type=&#8221;1_4&#8243; _builder_version=&#8221;4.27.4&#8243; _module_preset=&#8221;default&#8221; global_colors_info=&#8221;{}&#8221;][et_pb_image src=&#8221;https:\/\/ladymargo.pl\/wp-content\/uploads\/2025\/09\/Papier-ryzowy.webp&#8221; title_text=&#8221;Papier ry\u017cowy&#8221; _builder_version=&#8221;4.27.4&#8243; _module_preset=&#8221;default&#8221; border_radii=&#8221;on|782px|782px|782px|782px&#8221; global_colors_info=&#8221;{}&#8221;][\/et_pb_image][et_pb_text _builder_version=&#8221;4.27.4&#8243; _module_preset=&#8221;default&#8221; header_3_font=&#8221;Montserrat|700|||||||&#8221; header_3_letter_spacing=&#8221;4px&#8221; global_colors_info=&#8221;{}&#8221;]<\/p>\n<h3 style=\"text-align: left;\"><span class=\"a_GcMg font-feature-liga-off font-feature-clig-off font-feature-calt-off text-decoration-none text-strikethrough-none\">PAPIERY<\/span><\/h3>\n<p style=\"text-align: left;\"><span class=\"a_GcMg font-feature-liga-off font-feature-clig-off font-feature-calt-off text-decoration-none text-strikethrough-none\">Azjatyckie papiery pomimo tego, \u017ce&nbsp;m\u00f3wi si\u0119 na&nbsp;nie&nbsp;&#8222;ry\u017cowe&#8221; robione s\u0105&nbsp;z&nbsp;morwy, bambusa, bawe\u0142ny lub lnu. Mog\u0105 by\u0107 zwini\u0119te w&nbsp;d\u0142ug\u0105 rolk\u0119 lub w&nbsp;arkuszach.<\/span><\/p>\n<p class=\"cvGsUA direction-ltr align-start para-style-body\" style=\"text-align: left;\"><span class=\"a_GcMg font-feature-liga-off font-feature-clig-off font-feature-calt-off text-decoration-none text-strikethrough-none\">Papiery azjatyckie maj\u0105 inn\u0105 ch\u0142onno\u015b\u0107 i&nbsp;tusz na&nbsp;nich inaczej pracuje., ni\u017c na&nbsp;europejskich papierach akwarelowych. To&nbsp;na&nbsp;nich powstaj\u0105 charakterystyczne plamy i&nbsp;rozmycia tuszu.<\/span><\/p>\n<p>[\/et_pb_text][\/et_pb_column][et_pb_column type=&#8221;1_4&#8243; _builder_version=&#8221;4.27.4&#8243; _module_preset=&#8221;default&#8221; global_colors_info=&#8221;{}&#8221;][et_pb_image src=&#8221;https:\/\/ladymargo.pl\/wp-content\/uploads\/2025\/09\/tusz.webp&#8221; title_text=&#8221;tusz&#8221; _builder_version=&#8221;4.27.4&#8243; _module_preset=&#8221;default&#8221; border_radii=&#8221;on|574px|574px|574px|574px&#8221; global_colors_info=&#8221;{}&#8221;][\/et_pb_image][et_pb_text _builder_version=&#8221;4.27.4&#8243; _module_preset=&#8221;default&#8221; header_3_font=&#8221;Montserrat|700|||||||&#8221; header_3_letter_spacing=&#8221;4px&#8221; global_colors_info=&#8221;{}&#8221;]<\/p>\n<h3><span class=\"a_GcMg font-feature-liga-off font-feature-clig-off font-feature-calt-off text-decoration-none text-strikethrough-none\">TUSZ<\/span><\/h3>\n<p><span class=\"a_GcMg font-feature-liga-off font-feature-clig-off font-feature-calt-off text-decoration-none text-strikethrough-none\">Oryginalne tusze s\u0105&nbsp;tuszami suchymi w&nbsp;firmie pa\u0142eczek kt\u00f3re rozciera si\u0119 na&nbsp;specjalnym kamieniu. Jego rozcieranie jest bardzo czasoch\u0142onne. I&nbsp;tusz dobrej jako\u015bci nie&nbsp;jest tani.<\/span><\/p>\n<p><span class=\"a_GcMg font-feature-liga-off font-feature-clig-off font-feature-calt-off text-decoration-none text-strikethrough-none\">Ja&nbsp;korzystam z&nbsp;tuszu w&nbsp;p\u0142ynie kt\u00f3ry&nbsp;ma&nbsp;por\u00f3wnywaln\u0105 jako\u015b\u0107 i&nbsp;ma&nbsp;dostateczne nasycenie czerni.<\/span><\/p>\n<p>[\/et_pb_text][\/et_pb_column][et_pb_column type=&#8221;1_4&#8243; _builder_version=&#8221;4.27.4&#8243; _module_preset=&#8221;default&#8221; global_colors_info=&#8221;{}&#8221;][et_pb_image src=&#8221;https:\/\/ladymargo.pl\/wp-content\/uploads\/2025\/09\/pedzle.webp&#8221; title_text=&#8221;p\u0119dzle&#8221; _builder_version=&#8221;4.27.4&#8243; _module_preset=&#8221;default&#8221; border_radii=&#8221;on|648px|648px|648px|648px&#8221; global_colors_info=&#8221;{}&#8221;][\/et_pb_image][et_pb_text _builder_version=&#8221;4.27.4&#8243; _module_preset=&#8221;default&#8221; header_3_font=&#8221;Montserrat|700|||||||&#8221; header_3_letter_spacing=&#8221;4px&#8221; hover_enabled=&#8221;0&#8243; global_colors_info=&#8221;{}&#8221; sticky_enabled=&#8221;0&#8243;]<\/p>\n<h3><span class=\"a_GcMg font-feature-liga-off font-feature-clig-off font-feature-calt-off text-decoration-none text-strikethrough-none\">P\u0118DZLE<\/span><\/h3>\n<p><span class=\"a_GcMg font-feature-liga-off font-feature-clig-off font-feature-calt-off text-decoration-none text-strikethrough-none\">P\u0119dzle do\u00a0malarstwa sumi-e wykonywane s\u0105\u00a0z\u00a0w\u0142osia naturalnego. Najbardziej popularne s\u0105\u00a0kozie, ko\u0144skie oraz\u00a0z\u00a0\u0142asicy.<\/span><\/p>\n<p><span class=\"a_GcMg font-feature-liga-off font-feature-clig-off font-feature-calt-off text-decoration-none text-strikethrough-none\">W sumi-e nie da si\u0119 uzywa\u0107 p\u0119dzli do akwareli czy innych europejskich, poniewa\u017c naturalne w\u0142osie inaczej ch\u0142onie tusz. P\u0119dzle te maj\u0105 r\u00f3wnie\u017c kszta\u0142t kt\u00f3ry pozwala na odpowiednie kszta\u0142towanie linii charakterystycznych dla tego stylu malarstwa.<\/span><\/p>\n<p>[\/et_pb_text][\/et_pb_column][et_pb_column type=&#8221;1_4&#8243; _builder_version=&#8221;4.27.4&#8243; _module_preset=&#8221;default&#8221; global_colors_info=&#8221;{}&#8221;][et_pb_image src=&#8221;https:\/\/ladymargo.pl\/wp-content\/uploads\/2025\/09\/hanko-1.webp&#8221; title_text=&#8221;hanko&#8221; _builder_version=&#8221;4.27.4&#8243; _module_preset=&#8221;default&#8221; border_radii=&#8221;on|648px|648px|648px|648px&#8221; global_colors_info=&#8221;{}&#8221;][\/et_pb_image][et_pb_text _builder_version=&#8221;4.27.4&#8243; _module_preset=&#8221;default&#8221; header_3_font=&#8221;Montserrat|700|||||||&#8221; header_3_letter_spacing=&#8221;4px&#8221; hover_enabled=&#8221;0&#8243; global_colors_info=&#8221;{}&#8221; sticky_enabled=&#8221;0&#8243;]<\/p>\n<h3><span class=\"a_GcMg font-feature-liga-off font-feature-clig-off font-feature-calt-off text-decoration-none text-strikethrough-none\">HANKO<\/span><\/h3>\n<p>To drewniana piecz\u0119\u0107 sygnuj\u0105ca namalowane kaligrafie. Jej czerwony kolor jest cz\u0119\u015bci\u0105 czarno bia\u0142ej kompozycji obrazu.<\/p>\n<p>[\/et_pb_text][\/et_pb_column][\/et_pb_row][\/et_pb_section][et_pb_section fb_built=&#8221;1&#8243; _builder_version=&#8221;4.27.4&#8243; _module_preset=&#8221;default&#8221; custom_padding=&#8221;0px|||||&#8221; global_colors_info=&#8221;{}&#8221;][et_pb_row _builder_version=&#8221;4.27.4&#8243; _module_preset=&#8221;default&#8221; global_colors_info=&#8221;{}&#8221;][et_pb_column type=&#8221;4_4&#8243; _builder_version=&#8221;4.27.4&#8243; _module_preset=&#8221;default&#8221; global_colors_info=&#8221;{}&#8221;][et_pb_text _builder_version=&#8221;4.27.4&#8243; _module_preset=&#8221;default&#8221; header_2_font=&#8221;Montserrat|300|||||||&#8221; header_2_font_size=&#8221;39px&#8221; header_2_line_height=&#8221;1.2em&#8221; custom_margin=&#8221;||6px|||&#8221; global_colors_info=&#8221;{}&#8221;]<\/p>\n<h2 style=\"text-align: center;\">Zobacz co&nbsp;mo\u017cesz kupi\u0107\u00a0<\/h2>\n<p>[\/et_pb_text][et_pb_divider color=&#8221;#EA004A&#8221; divider_weight=&#8221;2px&#8221; _builder_version=&#8221;4.27.4&#8243; _module_preset=&#8221;default&#8221; width=&#8221;200px&#8221; module_alignment=&#8221;center&#8221; hover_enabled=&#8221;0&#8243; global_colors_info=&#8221;{}&#8221; sticky_enabled=&#8221;0&#8243;][\/et_pb_divider][\/et_pb_column][\/et_pb_row][et_pb_row _builder_version=&#8221;4.27.4&#8243; _module_preset=&#8221;default&#8221; global_colors_info=&#8221;{}&#8221;][et_pb_column type=&#8221;4_4&#8243; _builder_version=&#8221;4.27.4&#8243; _module_preset=&#8221;default&#8221; global_colors_info=&#8221;{}&#8221;][et_pb_shop type=&#8221;product_category&#8221; include_categories=&#8221;17&#8243; icon_hover_color=&#8221;#FFFFFF&#8221; hover_overlay_color=&#8221;rgba(0,0,0,0.23)&#8221; hover_icon=&#8221;&#x24;||divi||400&#8243; _builder_version=&#8221;4.27.4&#8243; _module_preset=&#8221;default&#8221; title_font=&#8221;Montserrat|||on|||||&#8221; price_font=&#8221;Montserrat|700|||||||&#8221; price_text_color=&#8221;#000000&#8243; price_font_size=&#8221;20px&#8221; sale_price_text_color=&#8221;#E02B20&#8243; border_width_all_image=&#8221;4px&#8221; border_color_all_image=&#8221;#FFFFFF&#8221; box_shadow_style_image=&#8221;preset3&#8243; global_colors_info=&#8221;{}&#8221;][\/et_pb_shop][\/et_pb_column][\/et_pb_row][\/et_pb_section]<\/p>\n","protected":false},"excerpt":{"rendered":"<p>SUMI-eMalarstwo SUMI-eCzyli tradycyjne malartstwo czarnym tuszem na\u00a0cie\u0144kim papierze. Jego tematami s\u0105\u00a0zazwyczaj bambusy, chryzantemy, kwiaty \u015bliwy, storczyki (ten zstaw to\u00a0tak\u00a0zwani Four Nobles). Ale\u00a0r\u00f3wnie\u017c zwierz\u0119ta &#8211; pandy, kurczaki, tygrysy lub fantastyczne stworzenia jak smoki. Malarstwo tuszem nie pozwala na powtarzanie poci\u0105gni\u0119\u0107 p\u0119dzla. Raz po\u0142o\u017cona kreska jest finalna co uczy akceptacji i samodyscypliny podczas malowania. Nieod\u0142\u0105czn\u0105 cz\u0119\u015bci\u0105 tak [&hellip;]<\/p>\n","protected":false},"author":2,"featured_media":0,"parent":0,"menu_order":0,"comment_status":"closed","ping_status":"closed","template":"","meta":{"_et_pb_use_builder":"on","_et_pb_old_content":"","_et_gb_content_width":"","footnotes":""},"class_list":["post-75","page","type-page","status-publish","hentry"],"yoast_head":"<!-- This site is optimized with the Yoast SEO plugin v25.8 - https:\/\/yoast.com\/wordpress\/plugins\/seo\/ -->\n<title>Kaligrafia - Lady MARGO<\/title>\n<meta name=\"robots\" content=\"noindex, follow, max-snippet:-1, max-image-preview:large, max-video-preview:-1\" \/>\n<meta property=\"og:locale\" content=\"pl_PL\" \/>\n<meta property=\"og:type\" content=\"article\" \/>\n<meta property=\"og:title\" content=\"Kaligrafia - Lady MARGO\" \/>\n<meta property=\"og:description\" content=\"SUMI-eMalarstwo SUMI-eCzyli tradycyjne malartstwo czarnym tuszem na\u00a0cie\u0144kim papierze. Jego tematami s\u0105\u00a0zazwyczaj bambusy, chryzantemy, kwiaty \u015bliwy, storczyki (ten zstaw to\u00a0tak\u00a0zwani Four Nobles). Ale\u00a0r\u00f3wnie\u017c zwierz\u0119ta - pandy, kurczaki, tygrysy lub fantastyczne stworzenia jak smoki. Malarstwo tuszem nie pozwala na powtarzanie poci\u0105gni\u0119\u0107 p\u0119dzla. Raz po\u0142o\u017cona kreska jest finalna co uczy akceptacji i samodyscypliny podczas malowania. Nieod\u0142\u0105czn\u0105 cz\u0119\u015bci\u0105 tak [&hellip;]\" \/>\n<meta property=\"og:url\" content=\"https:\/\/ladymargo.pl\/?page_id=75\" \/>\n<meta property=\"og:site_name\" content=\"Lady MARGO\" \/>\n<meta property=\"article:modified_time\" content=\"2025-10-14T16:05:33+00:00\" \/>\n<meta name=\"twitter:card\" content=\"summary_large_image\" \/>\n<script type=\"application\/ld+json\" class=\"yoast-schema-graph\">{\"@context\":\"https:\/\/schema.org\",\"@graph\":[{\"@type\":\"WebPage\",\"@id\":\"https:\/\/ladymargo.pl\/?page_id=75\",\"url\":\"https:\/\/ladymargo.pl\/?page_id=75\",\"name\":\"Kaligrafia - Lady MARGO\",\"isPartOf\":{\"@id\":\"https:\/\/ladymargo.pl\/#website\"},\"datePublished\":\"2025-09-14T13:33:16+00:00\",\"dateModified\":\"2025-10-14T16:05:33+00:00\",\"breadcrumb\":{\"@id\":\"https:\/\/ladymargo.pl\/?page_id=75#breadcrumb\"},\"inLanguage\":\"pl-PL\",\"potentialAction\":[{\"@type\":\"ReadAction\",\"target\":[\"https:\/\/ladymargo.pl\/?page_id=75\"]}]},{\"@type\":\"BreadcrumbList\",\"@id\":\"https:\/\/ladymargo.pl\/?page_id=75#breadcrumb\",\"itemListElement\":[{\"@type\":\"ListItem\",\"position\":1,\"name\":\"Strona g\u0142\u00f3wna\",\"item\":\"https:\/\/ladymargo.pl\/\"},{\"@type\":\"ListItem\",\"position\":2,\"name\":\"Kaligrafia\"}]},{\"@type\":\"WebSite\",\"@id\":\"https:\/\/ladymargo.pl\/#website\",\"url\":\"https:\/\/ladymargo.pl\/\",\"name\":\"Lady MARGO\",\"description\":\"Kaligrafie | Obrazy | Kimona | Haori | Furoshiki\",\"potentialAction\":[{\"@type\":\"SearchAction\",\"target\":{\"@type\":\"EntryPoint\",\"urlTemplate\":\"https:\/\/ladymargo.pl\/?s={search_term_string}\"},\"query-input\":{\"@type\":\"PropertyValueSpecification\",\"valueRequired\":true,\"valueName\":\"search_term_string\"}}],\"inLanguage\":\"pl-PL\"}]}<\/script>\n<!-- \/ Yoast SEO plugin. -->","yoast_head_json":{"title":"Kaligrafia - Lady MARGO","robots":{"index":"noindex","follow":"follow","max-snippet":"max-snippet:-1","max-image-preview":"max-image-preview:large","max-video-preview":"max-video-preview:-1"},"og_locale":"pl_PL","og_type":"article","og_title":"Kaligrafia - Lady MARGO","og_description":"SUMI-eMalarstwo SUMI-eCzyli tradycyjne malartstwo czarnym tuszem na\u00a0cie\u0144kim papierze. Jego tematami s\u0105\u00a0zazwyczaj bambusy, chryzantemy, kwiaty \u015bliwy, storczyki (ten zstaw to\u00a0tak\u00a0zwani Four Nobles). Ale\u00a0r\u00f3wnie\u017c zwierz\u0119ta - pandy, kurczaki, tygrysy lub fantastyczne stworzenia jak smoki. Malarstwo tuszem nie pozwala na powtarzanie poci\u0105gni\u0119\u0107 p\u0119dzla. Raz po\u0142o\u017cona kreska jest finalna co uczy akceptacji i samodyscypliny podczas malowania. Nieod\u0142\u0105czn\u0105 cz\u0119\u015bci\u0105 tak [&hellip;]","og_url":"https:\/\/ladymargo.pl\/?page_id=75","og_site_name":"Lady MARGO","article_modified_time":"2025-10-14T16:05:33+00:00","twitter_card":"summary_large_image","schema":{"@context":"https:\/\/schema.org","@graph":[{"@type":"WebPage","@id":"https:\/\/ladymargo.pl\/?page_id=75","url":"https:\/\/ladymargo.pl\/?page_id=75","name":"Kaligrafia - Lady MARGO","isPartOf":{"@id":"https:\/\/ladymargo.pl\/#website"},"datePublished":"2025-09-14T13:33:16+00:00","dateModified":"2025-10-14T16:05:33+00:00","breadcrumb":{"@id":"https:\/\/ladymargo.pl\/?page_id=75#breadcrumb"},"inLanguage":"pl-PL","potentialAction":[{"@type":"ReadAction","target":["https:\/\/ladymargo.pl\/?page_id=75"]}]},{"@type":"BreadcrumbList","@id":"https:\/\/ladymargo.pl\/?page_id=75#breadcrumb","itemListElement":[{"@type":"ListItem","position":1,"name":"Strona g\u0142\u00f3wna","item":"https:\/\/ladymargo.pl\/"},{"@type":"ListItem","position":2,"name":"Kaligrafia"}]},{"@type":"WebSite","@id":"https:\/\/ladymargo.pl\/#website","url":"https:\/\/ladymargo.pl\/","name":"Lady MARGO","description":"Kaligrafie | Obrazy | Kimona | Haori | Furoshiki","potentialAction":[{"@type":"SearchAction","target":{"@type":"EntryPoint","urlTemplate":"https:\/\/ladymargo.pl\/?s={search_term_string}"},"query-input":{"@type":"PropertyValueSpecification","valueRequired":true,"valueName":"search_term_string"}}],"inLanguage":"pl-PL"}]}},"_links":{"self":[{"href":"https:\/\/ladymargo.pl\/index.php?rest_route=\/wp\/v2\/pages\/75","targetHints":{"allow":["GET"]}}],"collection":[{"href":"https:\/\/ladymargo.pl\/index.php?rest_route=\/wp\/v2\/pages"}],"about":[{"href":"https:\/\/ladymargo.pl\/index.php?rest_route=\/wp\/v2\/types\/page"}],"author":[{"embeddable":true,"href":"https:\/\/ladymargo.pl\/index.php?rest_route=\/wp\/v2\/users\/2"}],"replies":[{"embeddable":true,"href":"https:\/\/ladymargo.pl\/index.php?rest_route=%2Fwp%2Fv2%2Fcomments&post=75"}],"version-history":[{"count":14,"href":"https:\/\/ladymargo.pl\/index.php?rest_route=\/wp\/v2\/pages\/75\/revisions"}],"predecessor-version":[{"id":310,"href":"https:\/\/ladymargo.pl\/index.php?rest_route=\/wp\/v2\/pages\/75\/revisions\/310"}],"wp:attachment":[{"href":"https:\/\/ladymargo.pl\/index.php?rest_route=%2Fwp%2Fv2%2Fmedia&parent=75"}],"curies":[{"name":"wp","href":"https:\/\/api.w.org\/{rel}","templated":true}]}}