{"id":281,"date":"2025-10-09T14:32:33","date_gmt":"2025-10-09T14:32:33","guid":{"rendered":"https:\/\/ladymargo.pl\/?page_id=281"},"modified":"2025-10-14T15:57:44","modified_gmt":"2025-10-14T15:57:44","slug":"kimono-haori-szyte-na-zamowienie","status":"publish","type":"page","link":"https:\/\/ladymargo.pl\/?page_id=281","title":{"rendered":"Kimono\/haori szyte na zam\u00f3wienie"},"content":{"rendered":"<p>[et_pb_section fb_built=&#8221;1&#8243; _builder_version=&#8221;4.27.4&#8243; _module_preset=&#8221;default&#8221; background_image=&#8221;https:\/\/ladymargo.pl\/wp-content\/uploads\/2025\/09\/kimona-Lady-MARGO-scaled.webp&#8221; background_position=&#8221;center_right&#8221; custom_padding=&#8221;54px||54px||true|&#8221; global_colors_info=&#8221;{}&#8221;][et_pb_row _builder_version=&#8221;4.27.4&#8243; _module_preset=&#8221;default&#8221; custom_padding=&#8221;0px||0px|||&#8221; global_colors_info=&#8221;{}&#8221;][et_pb_column type=&#8221;4_4&#8243; _builder_version=&#8221;4.27.4&#8243; _module_preset=&#8221;default&#8221; global_colors_info=&#8221;{}&#8221;][et_pb_text _builder_version=&#8221;4.27.4&#8243; _module_preset=&#8221;default&#8221; header_font=&#8221;Montserrat|300|||||||&#8221; header_text_color=&#8221;#FFFFFF&#8221; background_color=&#8221;gcid-cdb61b0b-b364-4c35-97b8-35fa6b8329cc&#8221; text_orientation=&#8221;center&#8221; width=&#8221;250px&#8221; width_tablet=&#8221;190px&#8221; width_phone=&#8221;180px&#8221; width_last_edited=&#8221;on|tablet&#8221; module_alignment=&#8221;center&#8221; custom_margin=&#8221;||||false|false&#8221; custom_padding=&#8221;76px||76px||true|true&#8221; hover_enabled=&#8221;0&#8243; header_font_size_tablet=&#8221;24px&#8221; header_font_size_phone=&#8221;20px&#8221; header_font_size_last_edited=&#8221;on|phone&#8221; border_radii=&#8221;on|808px|808px|808px|808px&#8221; global_colors_info=&#8221;{%22gcid-cdb61b0b-b364-4c35-97b8-35fa6b8329cc%22:%91%22background_color%22%93}&#8221; sticky_enabled=&#8221;0&#8243;]<\/p>\n<h1 style=\"text-align: center;\">KIMONO USZYTE DLA CIEBIE<\/h1>\n<p>[\/et_pb_text][\/et_pb_column][\/et_pb_row][\/et_pb_section][et_pb_section fb_built=&#8221;1&#8243; _builder_version=&#8221;4.27.4&#8243; _module_preset=&#8221;default&#8221; global_colors_info=&#8221;{}&#8221;][et_pb_row column_structure=&#8221;1_3,1_3,1_3&#8243; use_custom_gutter=&#8221;on&#8221; _builder_version=&#8221;4.27.4&#8243; _module_preset=&#8221;default&#8221; global_colors_info=&#8221;{%22gcid-cdb61b0b-b364-4c35-97b8-35fa6b8329cc%22:%91%22text_text_color%22%93}&#8221; text_font=&#8221;Montserrat|800|||||||&#8221; text_text_color=&#8221;gcid-cdb61b0b-b364-4c35-97b8-35fa6b8329cc&#8221; text_font_size=&#8221;100px&#8221;][et_pb_column type=&#8221;1_3&#8243; _builder_version=&#8221;4.27.4&#8243; _module_preset=&#8221;default&#8221; global_colors_info=&#8221;{}&#8221;][et_pb_text _builder_version=&#8221;4.27.4&#8243; _module_preset=&#8221;default&#8221; header_2_font=&#8221;Montserrat|300|||||||&#8221; header_2_font_size=&#8221;39px&#8221; header_2_line_height=&#8221;1.2em&#8221; custom_margin=&#8221;||0px|||&#8221; global_colors_info=&#8221;{}&#8221;]<\/p>\n<h2>Szycie na&nbsp;zam\u00f3wienie<\/h2>\n<p>[\/et_pb_text][et_pb_divider color=&#8221;gcid-cdb61b0b-b364-4c35-97b8-35fa6b8329cc&#8221; divider_weight=&#8221;2px&#8221; _builder_version=&#8221;4.27.4&#8243; _module_preset=&#8221;default&#8221; width=&#8221;200px&#8221; hover_enabled=&#8221;0&#8243; global_colors_info=&#8221;{%22gcid-cdb61b0b-b364-4c35-97b8-35fa6b8329cc%22:%91%22color%22%93}&#8221; sticky_enabled=&#8221;0&#8243;][\/et_pb_divider][\/et_pb_column][et_pb_column type=&#8221;1_3&#8243; _builder_version=&#8221;4.27.4&#8243; _module_preset=&#8221;default&#8221; global_colors_info=&#8221;{}&#8221;][et_pb_text _builder_version=&#8221;4.27.4&#8243; _module_preset=&#8221;default&#8221; text_font=&#8221;Montserrat||||||||&#8221; hover_enabled=&#8221;0&#8243; global_colors_info=&#8221;{}&#8221; sticky_enabled=&#8221;0&#8243;]<\/p>\n<p>Chcesz czego\u015b wyj\u0105tkowego co\u00a0b\u0119dzie odzwierciedla\u0107 Twoj\u0105 osobowo\u015b\u0107 i\u00a0b\u0119dzie jedyne w\u00a0swoim rodzaju?<\/p>\n<p>Mog\u0119 stworzy\u0107 kimono\/haori specjalnie dla Ciebie. Poni\u017cej przedstawiam kroki kt\u00f3re przybli\u017c\u0105 Ci\u0119 do\u00a0posiadania swojego wymarzonego kimona \ud83d\ude42<\/p>\n<p>&nbsp;<\/p>\n<p>[\/et_pb_text][\/et_pb_column][et_pb_column type=&#8221;1_3&#8243; _builder_version=&#8221;4.27.4&#8243; _module_preset=&#8221;default&#8221; global_colors_info=&#8221;{}&#8221;][\/et_pb_column][\/et_pb_row][\/et_pb_section][et_pb_section fb_built=&#8221;1&#8243; _builder_version=&#8221;4.27.4&#8243; _module_preset=&#8221;default&#8221; background_color=&#8221;#f7f7f7&#8243; custom_padding=&#8221;31px||20px|||&#8221; global_colors_info=&#8221;{}&#8221;][et_pb_row _builder_version=&#8221;4.27.4&#8243; _module_preset=&#8221;default&#8221; global_colors_info=&#8221;{}&#8221;][et_pb_column type=&#8221;4_4&#8243; _builder_version=&#8221;4.27.4&#8243; _module_preset=&#8221;default&#8221; global_colors_info=&#8221;{}&#8221;][et_pb_text _builder_version=&#8221;4.27.4&#8243; _module_preset=&#8221;default&#8221; header_2_font=&#8221;Montserrat|300|||||||&#8221; header_2_font_size=&#8221;39px&#8221; header_2_line_height=&#8221;1.2em&#8221; custom_margin=&#8221;||6px|||&#8221; global_colors_info=&#8221;{}&#8221;]<\/p>\n<h2 style=\"text-align: center;\">Jak wygl\u0105da proces?<\/h2>\n<p>[\/et_pb_text][et_pb_divider color=&#8221;#ea004a&#8221; divider_weight=&#8221;2px&#8221; _builder_version=&#8221;4.27.4&#8243; _module_preset=&#8221;default&#8221; width=&#8221;200px&#8221; module_alignment=&#8221;center&#8221; hover_enabled=&#8221;0&#8243; global_colors_info=&#8221;{}&#8221; sticky_enabled=&#8221;0&#8243;][\/et_pb_divider][\/et_pb_column][\/et_pb_row][et_pb_row column_structure=&#8221;1_4,1_4,1_4,1_4&#8243; _builder_version=&#8221;4.27.4&#8243; _module_preset=&#8221;default&#8221; max_width=&#8221;1440px&#8221; global_colors_info=&#8221;{}&#8221;][et_pb_column type=&#8221;1_4&#8243; _builder_version=&#8221;4.27.4&#8243; _module_preset=&#8221;default&#8221; global_colors_info=&#8221;{}&#8221;][et_pb_text _builder_version=&#8221;4.27.4&#8243; _module_preset=&#8221;default&#8221; text_font=&#8221;Montserrat|800|||||||&#8221; text_text_color=&#8221;gcid-cdb61b0b-b364-4c35-97b8-35fa6b8329cc&#8221; text_font_size=&#8221;100px&#8221; hover_enabled=&#8221;0&#8243; global_colors_info=&#8221;{%22gcid-cdb61b0b-b364-4c35-97b8-35fa6b8329cc%22:%91%22text_text_color%22%93}&#8221; sticky_enabled=&#8221;0&#8243;]<\/p>\n<p>1<\/p>\n<p>[\/et_pb_text][et_pb_text _builder_version=&#8221;4.27.4&#8243; _module_preset=&#8221;default&#8221; header_3_font=&#8221;Montserrat|700||on|||||&#8221; header_3_letter_spacing=&#8221;2px&#8221; custom_margin=&#8221;||3px|||&#8221; hover_enabled=&#8221;0&#8243; global_colors_info=&#8221;{}&#8221; sticky_enabled=&#8221;0&#8243;]<\/p>\n<h3 style=\"text-align: left;\"><span class=\"a_GcMg font-feature-liga-off font-feature-clig-off font-feature-calt-off text-decoration-none text-strikethrough-none\">Om\u00f3wienie Twojej\u00a0wizji i\u00a0moich\u00a0mo\u017cliwo\u015bci<\/span><\/h3>\n<p>Ws\u0142ucham si\u0119 w Twoje potrzeby. Masz ulubiony kolor albo wz\u00f3r? Postaram si\u0119 znale\u017a\u0107 materia\u0142, kt\u00f3ry najlepiej b\u0119dzie odzwierciedla\u0142 Twoje potrzeby. A je\u015bli takiego nie znajdziemy &#8211; mog\u0119 go dla Ciebie zaprojektowa\u0107. <strong>Us\u0142uga projektowania jest dodatkowo p\u0142atna i\u00a0wynosi &#8211; 300z\u0142.\u00a0<\/strong><\/p>\n<p style=\"text-align: left;\">[\/et_pb_text][et_pb_divider color=&#8221;#ea004a&#8221; divider_weight=&#8221;2px&#8221; _builder_version=&#8221;4.27.4&#8243; _module_preset=&#8221;default&#8221; width=&#8221;200px&#8221; global_colors_info=&#8221;{}&#8221;][\/et_pb_divider][\/et_pb_column][et_pb_column type=&#8221;1_4&#8243; _builder_version=&#8221;4.27.4&#8243; _module_preset=&#8221;default&#8221; global_colors_info=&#8221;{}&#8221;][et_pb_text _builder_version=&#8221;4.27.4&#8243; _module_preset=&#8221;default&#8221; text_font=&#8221;Montserrat|800|||||||&#8221; text_text_color=&#8221;gcid-cdb61b0b-b364-4c35-97b8-35fa6b8329cc&#8221; text_font_size=&#8221;100px&#8221; global_colors_info=&#8221;{%22gcid-cdb61b0b-b364-4c35-97b8-35fa6b8329cc%22:%91%22text_text_color%22%93}&#8221;]<\/p>\n<p>2<\/p>\n<p>[\/et_pb_text][et_pb_text _builder_version=&#8221;4.27.4&#8243; _module_preset=&#8221;default&#8221; header_3_font=&#8221;Montserrat|700||on|||||&#8221; header_3_letter_spacing=&#8221;2px&#8221; custom_margin=&#8221;||10px||false|false&#8221; custom_padding=&#8221;||0px||false|false&#8221; hover_enabled=&#8221;0&#8243; global_colors_info=&#8221;{}&#8221; sticky_enabled=&#8221;0&#8243;]<\/p>\n<h3 style=\"text-align: left;\"><span class=\"a_GcMg font-feature-liga-off font-feature-clig-off font-feature-calt-off text-decoration-none text-strikethrough-none\">SZukanie MAteria\u0142u \/ projektowanie<\/span><\/h3>\n<p>Szukam Twojego\u00a0wymarzonego materia\u0142u. Na\u00a0tym etapie jestem w\u00a0stanie konkretnie okre\u015bli\u0107 cen\u0119 ko\u0144cow\u0105, kt\u00f3r\u0105 ustalam na\u00a0podstawie ceny materia\u0142u, kt\u00f3ry\u00a0wybierzesz, oraz\u00a0kroju kimona (d\u0142ugie, kr\u00f3tkie, d\u0142ugie lub kr\u00f3tkie r\u0119kawki). Ustalamy wymiary, kt\u00f3re dostajesz do\u00a0akceptacji.<\/p>\n<p>W\u00a0przypadku projektowania materia\u0142u wysy\u0142am Ci\u00a0projekt kt\u00f3ry\u00a0akceptujesz i\u00a0dopiero wtedy wysy\u0142am go\u00a0do\u00a0drukarni.<\/p>\n<p style=\"text-align: left;\">[\/et_pb_text][et_pb_divider color=&#8221;#ea004a&#8221; divider_weight=&#8221;2px&#8221; _builder_version=&#8221;4.27.4&#8243; _module_preset=&#8221;default&#8221; width=&#8221;200px&#8221; global_colors_info=&#8221;{}&#8221;][\/et_pb_divider][\/et_pb_column][et_pb_column type=&#8221;1_4&#8243; _builder_version=&#8221;4.27.4&#8243; _module_preset=&#8221;default&#8221; global_colors_info=&#8221;{}&#8221;][et_pb_text _builder_version=&#8221;4.27.4&#8243; _module_preset=&#8221;default&#8221; text_font=&#8221;Montserrat|800|||||||&#8221; text_text_color=&#8221;gcid-cdb61b0b-b364-4c35-97b8-35fa6b8329cc&#8221; text_font_size=&#8221;100px&#8221; global_colors_info=&#8221;{%22gcid-cdb61b0b-b364-4c35-97b8-35fa6b8329cc%22:%91%22text_text_color%22%93}&#8221;]<\/p>\n<p>3<\/p>\n<p>[\/et_pb_text][et_pb_text _builder_version=&#8221;4.27.4&#8243; _module_preset=&#8221;default&#8221; header_3_font=&#8221;Montserrat|700||on|||||&#8221; header_3_letter_spacing=&#8221;2px&#8221; custom_margin=&#8221;||10px||false|false&#8221; custom_padding=&#8221;||0px||false|false&#8221; hover_enabled=&#8221;0&#8243; global_colors_info=&#8221;{}&#8221; sticky_enabled=&#8221;0&#8243;]<\/p>\n<h3><span class=\"a_GcMg font-feature-liga-off font-feature-clig-off font-feature-calt-off text-decoration-none text-strikethrough-none\">ZALICZKA I\u00a0SZYCIE<\/span><\/h3>\n<p>Po wp\u0142aceniu zaliczki, kupuj\u0119 odowiedni\u0105 ilo\u015bc wybranego materia\u0142u i szyj\u0119 Twoje wymarzone kimono.<\/p>\n<p>[\/et_pb_text][et_pb_divider color=&#8221;#ea004a&#8221; divider_weight=&#8221;2px&#8221; _builder_version=&#8221;4.27.4&#8243; _module_preset=&#8221;default&#8221; width=&#8221;200px&#8221; global_colors_info=&#8221;{}&#8221;][\/et_pb_divider][\/et_pb_column][et_pb_column type=&#8221;1_4&#8243; _builder_version=&#8221;4.27.4&#8243; _module_preset=&#8221;default&#8221; global_colors_info=&#8221;{}&#8221;][et_pb_text _builder_version=&#8221;4.27.4&#8243; _module_preset=&#8221;default&#8221; text_font=&#8221;Montserrat|800|||||||&#8221; text_text_color=&#8221;gcid-cdb61b0b-b364-4c35-97b8-35fa6b8329cc&#8221; text_font_size=&#8221;100px&#8221; global_colors_info=&#8221;{%22gcid-cdb61b0b-b364-4c35-97b8-35fa6b8329cc%22:%91%22text_text_color%22%93}&#8221;]<\/p>\n<p>4<\/p>\n<p>[\/et_pb_text][et_pb_text _builder_version=&#8221;4.27.4&#8243; _module_preset=&#8221;default&#8221; header_3_font=&#8221;Montserrat|700||on|||||&#8221; header_3_letter_spacing=&#8221;2px&#8221; custom_margin=&#8221;||10px||false|false&#8221; custom_padding=&#8221;||0px||false|false&#8221; hover_enabled=&#8221;0&#8243; global_colors_info=&#8221;{}&#8221; sticky_enabled=&#8221;0&#8243;]<\/p>\n<h3><span class=\"a_GcMg font-feature-liga-off font-feature-clig-off font-feature-calt-off text-decoration-none text-strikethrough-none\">WYSY\u0141KA<\/span><\/h3>\n<p>Gdy kimono jest gotowe wysy\u0142am je na wskazany przez Ciebie adres. Istnieje te\u017c mo\u017cliwo\u015b\u0107 odbioru osobistego.<\/p>\n<p>[\/et_pb_text][et_pb_divider color=&#8221;#ea004a&#8221; divider_weight=&#8221;2px&#8221; _builder_version=&#8221;4.27.4&#8243; _module_preset=&#8221;default&#8221; width=&#8221;200px&#8221; global_colors_info=&#8221;{}&#8221;][\/et_pb_divider][\/et_pb_column][\/et_pb_row][\/et_pb_section][et_pb_section fb_built=&#8221;1&#8243; _builder_version=&#8221;4.27.4&#8243; _module_preset=&#8221;default&#8221; background_color=&#8221;gcid-cdb61b0b-b364-4c35-97b8-35fa6b8329cc&#8221; background_image=&#8221;https:\/\/ladymargo.pl\/wp-content\/uploads\/2025\/10\/Furoshiki-sliwa3.webp&#8221; background_blend=&#8221;soft-light&#8221; custom_padding=&#8221;0px|||||&#8221; hover_enabled=&#8221;0&#8243; global_colors_info=&#8221;{%22gcid-cdb61b0b-b364-4c35-97b8-35fa6b8329cc%22:%91%22background_color%22%93}&#8221; sticky_enabled=&#8221;0&#8243;][et_pb_row _builder_version=&#8221;4.27.4&#8243; _module_preset=&#8221;default&#8221; custom_padding=&#8221;||39px|||&#8221; global_colors_info=&#8221;{}&#8221;][et_pb_column type=&#8221;4_4&#8243; _builder_version=&#8221;4.27.4&#8243; _module_preset=&#8221;default&#8221; global_colors_info=&#8221;{}&#8221;][et_pb_icon font_icon=&#8221;&#xe60d;||divi||400&#8243; icon_color=&#8221;#FFFFFF&#8221; _builder_version=&#8221;4.27.4&#8243; _module_preset=&#8221;default&#8221; global_colors_info=&#8221;{}&#8221;][\/et_pb_icon][et_pb_text _builder_version=&#8221;4.27.4&#8243; _module_preset=&#8221;default&#8221; header_text_color=&#8221;#FFFFFF&#8221; header_2_font=&#8221;Montserrat|300|||||||&#8221; header_2_text_color=&#8221;#FFFFFF&#8221; header_2_font_size=&#8221;39px&#8221; header_2_line_height=&#8221;1.2em&#8221; custom_margin=&#8221;||6px|||&#8221; global_colors_info=&#8221;{}&#8221;]<\/p>\n<h2 style=\"text-align: center;\"><strong>Czas realizacji<\/strong><\/h2>\n<p>[\/et_pb_text][et_pb_divider color=&#8221;#ea004a&#8221; divider_weight=&#8221;2px&#8221; _builder_version=&#8221;4.27.4&#8243; _module_preset=&#8221;default&#8221; width=&#8221;200px&#8221; global_colors_info=&#8221;{}&#8221;][\/et_pb_divider][et_pb_text _builder_version=&#8221;4.27.4&#8243; _module_preset=&#8221;default&#8221; text_font=&#8221;Montserrat||||||||&#8221; text_text_color=&#8221;#FFFFFF&#8221; header_3_font=&#8221;Montserrat||||||||&#8221; header_4_font=&#8221;Montserrat|800|||||||&#8221; header_4_text_color=&#8221;#FFFFFF&#8221; hover_enabled=&#8221;0&#8243; global_colors_info=&#8221;{}&#8221; sticky_enabled=&#8221;0&#8243;]<\/p>\n<p style=\"text-align: center;\">Wszystkie kimona sa szyte osobi\u015bcie przeze\u00a0 mnie. Czas ich uszycia nie jest szybki. Ca\u0142y proces zajmuje od 3 do 6 tygodni zale\u017cnie od tego jak szybko uda nam si\u0119 znale\u017a\u0107 odpowiedni materia\u0142 oraz ile mam zam\u00f3wie\u0144. A w przypadku projektowania materia\u0142u od czasu projektowania i druku materia\u0142u.<\/p>\n<p style=\"text-align: center;\">\n<h4 style=\"text-align: center;\">Wierz\u0119, \u017ce\u00a0na\u00a0wyj\u0105tkowe rzeczy warto poczeka\u0107 \ud83d\ude42<\/h4>\n<p>[\/et_pb_text][\/et_pb_column][\/et_pb_row][\/et_pb_section]<\/p>\n","protected":false},"excerpt":{"rendered":"<p>KIMONO USZYTE DLA CIEBIESzycie na&nbsp;zam\u00f3wienieChcesz czego\u015b wyj\u0105tkowego co\u00a0b\u0119dzie odzwierciedla\u0107 Twoj\u0105 osobowo\u015b\u0107 i\u00a0b\u0119dzie jedyne w\u00a0swoim rodzaju? Mog\u0119 stworzy\u0107 kimono\/haori specjalnie dla Ciebie. Poni\u017cej przedstawiam kroki kt\u00f3re przybli\u017c\u0105 Ci\u0119 do\u00a0posiadania swojego wymarzonego kimona \ud83d\ude42 &nbsp;Jak wygl\u0105da proces?1Om\u00f3wienie Twojej\u00a0wizji i\u00a0moich\u00a0mo\u017cliwo\u015bci Ws\u0142ucham si\u0119 w Twoje potrzeby. Masz ulubiony kolor albo wz\u00f3r? Postaram si\u0119 znale\u017a\u0107 materia\u0142, kt\u00f3ry najlepiej b\u0119dzie odzwierciedla\u0142 [&hellip;]<\/p>\n","protected":false},"author":2,"featured_media":0,"parent":0,"menu_order":0,"comment_status":"closed","ping_status":"closed","template":"","meta":{"_et_pb_use_builder":"on","_et_pb_old_content":"","_et_gb_content_width":"","footnotes":""},"class_list":["post-281","page","type-page","status-publish","hentry"],"yoast_head":"<!-- This site is optimized with the Yoast SEO plugin v25.8 - https:\/\/yoast.com\/wordpress\/plugins\/seo\/ -->\n<title>Kimono\/haori szyte na zam\u00f3wienie - Lady MARGO<\/title>\n<meta name=\"robots\" content=\"noindex, follow, max-snippet:-1, max-image-preview:large, max-video-preview:-1\" \/>\n<meta property=\"og:locale\" content=\"pl_PL\" \/>\n<meta property=\"og:type\" content=\"article\" \/>\n<meta property=\"og:title\" content=\"Kimono\/haori szyte na zam\u00f3wienie - Lady MARGO\" \/>\n<meta property=\"og:description\" content=\"KIMONO USZYTE DLA CIEBIESzycie na&nbsp;zam\u00f3wienieChcesz czego\u015b wyj\u0105tkowego co\u00a0b\u0119dzie odzwierciedla\u0107 Twoj\u0105 osobowo\u015b\u0107 i\u00a0b\u0119dzie jedyne w\u00a0swoim rodzaju? Mog\u0119 stworzy\u0107 kimono\/haori specjalnie dla Ciebie. Poni\u017cej przedstawiam kroki kt\u00f3re przybli\u017c\u0105 Ci\u0119 do\u00a0posiadania swojego wymarzonego kimona :) &nbsp;Jak wygl\u0105da proces?1Om\u00f3wienie Twojej\u00a0wizji i\u00a0moich\u00a0mo\u017cliwo\u015bci Ws\u0142ucham si\u0119 w Twoje potrzeby. Masz ulubiony kolor albo wz\u00f3r? Postaram si\u0119 znale\u017a\u0107 materia\u0142, kt\u00f3ry najlepiej b\u0119dzie odzwierciedla\u0142 [&hellip;]\" \/>\n<meta property=\"og:url\" content=\"https:\/\/ladymargo.pl\/?page_id=281\" \/>\n<meta property=\"og:site_name\" content=\"Lady MARGO\" \/>\n<meta property=\"article:modified_time\" content=\"2025-10-14T15:57:44+00:00\" \/>\n<meta name=\"twitter:card\" content=\"summary_large_image\" \/>\n<script type=\"application\/ld+json\" class=\"yoast-schema-graph\">{\"@context\":\"https:\/\/schema.org\",\"@graph\":[{\"@type\":\"WebPage\",\"@id\":\"https:\/\/ladymargo.pl\/?page_id=281\",\"url\":\"https:\/\/ladymargo.pl\/?page_id=281\",\"name\":\"Kimono\/haori szyte na zam\u00f3wienie - Lady MARGO\",\"isPartOf\":{\"@id\":\"https:\/\/ladymargo.pl\/#website\"},\"datePublished\":\"2025-10-09T14:32:33+00:00\",\"dateModified\":\"2025-10-14T15:57:44+00:00\",\"breadcrumb\":{\"@id\":\"https:\/\/ladymargo.pl\/?page_id=281#breadcrumb\"},\"inLanguage\":\"pl-PL\",\"potentialAction\":[{\"@type\":\"ReadAction\",\"target\":[\"https:\/\/ladymargo.pl\/?page_id=281\"]}]},{\"@type\":\"BreadcrumbList\",\"@id\":\"https:\/\/ladymargo.pl\/?page_id=281#breadcrumb\",\"itemListElement\":[{\"@type\":\"ListItem\",\"position\":1,\"name\":\"Strona g\u0142\u00f3wna\",\"item\":\"https:\/\/ladymargo.pl\/\"},{\"@type\":\"ListItem\",\"position\":2,\"name\":\"Kimono\/haori szyte na zam\u00f3wienie\"}]},{\"@type\":\"WebSite\",\"@id\":\"https:\/\/ladymargo.pl\/#website\",\"url\":\"https:\/\/ladymargo.pl\/\",\"name\":\"Lady MARGO\",\"description\":\"Kaligrafie | Obrazy | Kimona | Haori | Furoshiki\",\"potentialAction\":[{\"@type\":\"SearchAction\",\"target\":{\"@type\":\"EntryPoint\",\"urlTemplate\":\"https:\/\/ladymargo.pl\/?s={search_term_string}\"},\"query-input\":{\"@type\":\"PropertyValueSpecification\",\"valueRequired\":true,\"valueName\":\"search_term_string\"}}],\"inLanguage\":\"pl-PL\"}]}<\/script>\n<!-- \/ Yoast SEO plugin. -->","yoast_head_json":{"title":"Kimono\/haori szyte na zam\u00f3wienie - Lady MARGO","robots":{"index":"noindex","follow":"follow","max-snippet":"max-snippet:-1","max-image-preview":"max-image-preview:large","max-video-preview":"max-video-preview:-1"},"og_locale":"pl_PL","og_type":"article","og_title":"Kimono\/haori szyte na zam\u00f3wienie - Lady MARGO","og_description":"KIMONO USZYTE DLA CIEBIESzycie na&nbsp;zam\u00f3wienieChcesz czego\u015b wyj\u0105tkowego co\u00a0b\u0119dzie odzwierciedla\u0107 Twoj\u0105 osobowo\u015b\u0107 i\u00a0b\u0119dzie jedyne w\u00a0swoim rodzaju? Mog\u0119 stworzy\u0107 kimono\/haori specjalnie dla Ciebie. Poni\u017cej przedstawiam kroki kt\u00f3re przybli\u017c\u0105 Ci\u0119 do\u00a0posiadania swojego wymarzonego kimona :) &nbsp;Jak wygl\u0105da proces?1Om\u00f3wienie Twojej\u00a0wizji i\u00a0moich\u00a0mo\u017cliwo\u015bci Ws\u0142ucham si\u0119 w Twoje potrzeby. Masz ulubiony kolor albo wz\u00f3r? Postaram si\u0119 znale\u017a\u0107 materia\u0142, kt\u00f3ry najlepiej b\u0119dzie odzwierciedla\u0142 [&hellip;]","og_url":"https:\/\/ladymargo.pl\/?page_id=281","og_site_name":"Lady MARGO","article_modified_time":"2025-10-14T15:57:44+00:00","twitter_card":"summary_large_image","schema":{"@context":"https:\/\/schema.org","@graph":[{"@type":"WebPage","@id":"https:\/\/ladymargo.pl\/?page_id=281","url":"https:\/\/ladymargo.pl\/?page_id=281","name":"Kimono\/haori szyte na zam\u00f3wienie - Lady MARGO","isPartOf":{"@id":"https:\/\/ladymargo.pl\/#website"},"datePublished":"2025-10-09T14:32:33+00:00","dateModified":"2025-10-14T15:57:44+00:00","breadcrumb":{"@id":"https:\/\/ladymargo.pl\/?page_id=281#breadcrumb"},"inLanguage":"pl-PL","potentialAction":[{"@type":"ReadAction","target":["https:\/\/ladymargo.pl\/?page_id=281"]}]},{"@type":"BreadcrumbList","@id":"https:\/\/ladymargo.pl\/?page_id=281#breadcrumb","itemListElement":[{"@type":"ListItem","position":1,"name":"Strona g\u0142\u00f3wna","item":"https:\/\/ladymargo.pl\/"},{"@type":"ListItem","position":2,"name":"Kimono\/haori szyte na zam\u00f3wienie"}]},{"@type":"WebSite","@id":"https:\/\/ladymargo.pl\/#website","url":"https:\/\/ladymargo.pl\/","name":"Lady MARGO","description":"Kaligrafie | Obrazy | Kimona | Haori | Furoshiki","potentialAction":[{"@type":"SearchAction","target":{"@type":"EntryPoint","urlTemplate":"https:\/\/ladymargo.pl\/?s={search_term_string}"},"query-input":{"@type":"PropertyValueSpecification","valueRequired":true,"valueName":"search_term_string"}}],"inLanguage":"pl-PL"}]}},"_links":{"self":[{"href":"https:\/\/ladymargo.pl\/index.php?rest_route=\/wp\/v2\/pages\/281","targetHints":{"allow":["GET"]}}],"collection":[{"href":"https:\/\/ladymargo.pl\/index.php?rest_route=\/wp\/v2\/pages"}],"about":[{"href":"https:\/\/ladymargo.pl\/index.php?rest_route=\/wp\/v2\/types\/page"}],"author":[{"embeddable":true,"href":"https:\/\/ladymargo.pl\/index.php?rest_route=\/wp\/v2\/users\/2"}],"replies":[{"embeddable":true,"href":"https:\/\/ladymargo.pl\/index.php?rest_route=%2Fwp%2Fv2%2Fcomments&post=281"}],"version-history":[{"count":9,"href":"https:\/\/ladymargo.pl\/index.php?rest_route=\/wp\/v2\/pages\/281\/revisions"}],"predecessor-version":[{"id":303,"href":"https:\/\/ladymargo.pl\/index.php?rest_route=\/wp\/v2\/pages\/281\/revisions\/303"}],"wp:attachment":[{"href":"https:\/\/ladymargo.pl\/index.php?rest_route=%2Fwp%2Fv2%2Fmedia&parent=281"}],"curies":[{"name":"wp","href":"https:\/\/api.w.org\/{rel}","templated":true}]}}