{"id":151,"date":"2025-09-16T16:20:09","date_gmt":"2025-09-16T16:20:09","guid":{"rendered":"https:\/\/ladymargo.pl\/?page_id=151"},"modified":"2025-10-14T16:08:39","modified_gmt":"2025-10-14T16:08:39","slug":"obrazy","status":"publish","type":"page","link":"https:\/\/ladymargo.pl\/?page_id=151","title":{"rendered":"Obrazy"},"content":{"rendered":"<p>[et_pb_section fb_built=&#8221;1&#8243; _builder_version=&#8221;4.27.4&#8243; _module_preset=&#8221;default&#8221; background_image=&#8221;https:\/\/ladymargo.pl\/wp-content\/uploads\/2025\/09\/Baner-Obrazy-LADY-Margo.webp&#8221; background_position=&#8221;top_center&#8221; custom_padding=&#8221;54px||54px||true|&#8221; global_colors_info=&#8221;{}&#8221;][et_pb_row _builder_version=&#8221;4.27.4&#8243; _module_preset=&#8221;default&#8221; custom_padding=&#8221;0px||0px|||&#8221; global_colors_info=&#8221;{}&#8221;][et_pb_column type=&#8221;4_4&#8243; _builder_version=&#8221;4.27.4&#8243; _module_preset=&#8221;default&#8221; global_colors_info=&#8221;{}&#8221;][et_pb_text _builder_version=&#8221;4.27.4&#8243; _module_preset=&#8221;default&#8221; header_font=&#8221;Montserrat|300|||||||&#8221; header_text_color=&#8221;#FFFFFF&#8221; background_color=&#8221;gcid-cdb61b0b-b364-4c35-97b8-35fa6b8329cc&#8221; text_orientation=&#8221;center&#8221; width=&#8221;189px&#8221; width_tablet=&#8221;190px&#8221; width_phone=&#8221;180px&#8221; width_last_edited=&#8221;on|tablet&#8221; module_alignment=&#8221;center&#8221; custom_margin=&#8221;||||false|false&#8221; custom_padding=&#8221;78px||78px|0px|true|false&#8221; hover_enabled=&#8221;0&#8243; header_font_size_tablet=&#8221;24px&#8221; header_font_size_phone=&#8221;20px&#8221; header_font_size_last_edited=&#8221;on|phone&#8221; border_radii=&#8221;on|808px|808px|808px|808px&#8221; global_colors_info=&#8221;{%22gcid-cdb61b0b-b364-4c35-97b8-35fa6b8329cc%22:%91%22background_color%22%93}&#8221; sticky_enabled=&#8221;0&#8243;]<\/p>\n<h1 style=\"text-align: center;\">OBRAZY<\/h1>\n<p>[\/et_pb_text][\/et_pb_column][\/et_pb_row][\/et_pb_section][et_pb_section fb_built=&#8221;1&#8243; _builder_version=&#8221;4.27.4&#8243; _module_preset=&#8221;default&#8221; global_colors_info=&#8221;{}&#8221;][et_pb_row column_structure=&#8221;1_3,1_3,1_3&#8243; use_custom_gutter=&#8221;on&#8221; _builder_version=&#8221;4.27.4&#8243; _module_preset=&#8221;default&#8221; width=&#8221;81%&#8221; global_colors_info=&#8221;{}&#8221;][et_pb_column type=&#8221;1_3&#8243; _builder_version=&#8221;4.27.4&#8243; _module_preset=&#8221;default&#8221; global_colors_info=&#8221;{}&#8221;][et_pb_image src=&#8221;https:\/\/ladymargo.pl\/wp-content\/uploads\/2025\/09\/IKONY-5.png&#8221; title_text=&#8221;IKONY-5&#8243; _builder_version=&#8221;4.27.4&#8243; _module_preset=&#8221;default&#8221; global_colors_info=&#8221;{}&#8221;][\/et_pb_image][et_pb_text _builder_version=&#8221;4.27.4&#8243; _module_preset=&#8221;default&#8221; header_2_font=&#8221;Montserrat|300|||||||&#8221; header_2_font_size=&#8221;39px&#8221; header_2_line_height=&#8221;1.2em&#8221; custom_margin=&#8221;||0px|||&#8221; global_colors_info=&#8221;{}&#8221;]<\/p>\n<h2>Obrazy<\/h2>\n<p>[\/et_pb_text][et_pb_divider color=&#8221;gcid-cdb61b0b-b364-4c35-97b8-35fa6b8329cc&#8221; divider_weight=&#8221;2px&#8221; _builder_version=&#8221;4.27.4&#8243; _module_preset=&#8221;default&#8221; width=&#8221;200px&#8221; hover_enabled=&#8221;0&#8243; global_colors_info=&#8221;{%22gcid-cdb61b0b-b364-4c35-97b8-35fa6b8329cc%22:%91%22color%22%93}&#8221; sticky_enabled=&#8221;0&#8243;][\/et_pb_divider][\/et_pb_column][et_pb_column type=&#8221;1_3&#8243; _builder_version=&#8221;4.27.4&#8243; _module_preset=&#8221;default&#8221; global_colors_info=&#8221;{}&#8221;][et_pb_text _builder_version=&#8221;4.27.4&#8243; _module_preset=&#8221;default&#8221; text_font=&#8221;Montserrat||||||||&#8221; global_colors_info=&#8221;{}&#8221;]<\/p>\n<p>Malarstwo to&nbsp;jedna z&nbsp;moich&nbsp;pasji od&nbsp;najm\u0142odszych lat. Od&nbsp;zawsze uwielbiam przelewa\u0107 swoje uczucia na&nbsp;p\u0142\u00f3tno.<\/p>\n<p>Momenty z&nbsp;p\u0119dzlem daj\u0105 mi&nbsp;ukojenie i&nbsp;odpoczynek od&nbsp;rozp\u0119dzonej codzienno\u015bci. Tak&nbsp;jak reszta moich&nbsp;kreatywnych dzie\u0142 obrazy r\u00f3wnie\u017c s\u0105&nbsp;osadzone w&nbsp;tematyce Japonii cho\u0107 cz\u0119sto te\u017c zachaczaj\u0105 o&nbsp;fantastyk\u0119.\u00a0<\/p>\n<p>Zapraszam Ci\u0119 do&nbsp;mojego&nbsp;kreatywnego \u015bwiata.<\/p>\n<p>&nbsp;<\/p>\n<p>[\/et_pb_text][\/et_pb_column][et_pb_column type=&#8221;1_3&#8243; _builder_version=&#8221;4.27.4&#8243; _module_preset=&#8221;default&#8221; global_colors_info=&#8221;{}&#8221;][et_pb_image src=&#8221;https:\/\/ladymargo.pl\/wp-content\/uploads\/2025\/09\/Geisha-z-maska-Oni.webp&#8221; title_text=&#8221;Geisha z\u00a0mask\u0105 Oni&#8221; _builder_version=&#8221;4.27.4&#8243; _module_preset=&#8221;default&#8221; width=&#8221;100%&#8221; global_colors_info=&#8221;{}&#8221;][\/et_pb_image][\/et_pb_column][\/et_pb_row][\/et_pb_section][et_pb_section fb_built=&#8221;1&#8243; _builder_version=&#8221;4.27.4&#8243; _module_preset=&#8221;default&#8221; custom_padding=&#8221;0px||0px|||&#8221; global_colors_info=&#8221;{}&#8221;][et_pb_row column_structure=&#8221;1_4,1_4,1_4,1_4&#8243; use_custom_gutter=&#8221;on&#8221; gutter_width=&#8221;1&#8243; _builder_version=&#8221;4.27.4&#8243; _module_preset=&#8221;default&#8221; width=&#8221;100%&#8221; max_width=&#8221;100%&#8221; custom_padding=&#8221;0px||0px|||&#8221; global_colors_info=&#8221;{}&#8221;][et_pb_column type=&#8221;1_4&#8243; _builder_version=&#8221;4.27.4&#8243; _module_preset=&#8221;default&#8221; background_image=&#8221;https:\/\/ladymargo.pl\/wp-content\/uploads\/2025\/09\/Geisha-na-te-ksiezyca.webp&#8221; custom_padding=&#8221;216px||216px||true|false&#8221; global_colors_info=&#8221;{}&#8221;][\/et_pb_column][et_pb_column type=&#8221;1_4&#8243; _builder_version=&#8221;4.27.4&#8243; _module_preset=&#8221;default&#8221; background_image=&#8221;https:\/\/ladymargo.pl\/wp-content\/uploads\/2025\/09\/Tworzaca-moc.webp&#8221; custom_padding=&#8221;216px||216px||true|false&#8221; global_colors_info=&#8221;{}&#8221;][\/et_pb_column][et_pb_column type=&#8221;1_4&#8243; _builder_version=&#8221;4.27.4&#8243; _module_preset=&#8221;default&#8221; background_image=&#8221;https:\/\/ladymargo.pl\/wp-content\/uploads\/2025\/09\/Geisha-z-maska-Oni2.webp&#8221; custom_padding=&#8221;216px||216px||true|false&#8221; global_colors_info=&#8221;{}&#8221;][\/et_pb_column][et_pb_column type=&#8221;1_4&#8243; _builder_version=&#8221;4.27.4&#8243; _module_preset=&#8221;default&#8221; background_image=&#8221;https:\/\/ladymargo.pl\/wp-content\/uploads\/2025\/09\/1757278034971-scaled.jpg&#8221; custom_padding=&#8221;216px||216px||true|false&#8221; global_colors_info=&#8221;{}&#8221;][\/et_pb_column][\/et_pb_row][\/et_pb_section][et_pb_section fb_built=&#8221;1&#8243; _builder_version=&#8221;4.27.4&#8243; _module_preset=&#8221;default&#8221; custom_padding=&#8221;0px|||||&#8221; global_colors_info=&#8221;{}&#8221;][et_pb_row _builder_version=&#8221;4.27.4&#8243; _module_preset=&#8221;default&#8221; global_colors_info=&#8221;{}&#8221;][et_pb_column type=&#8221;4_4&#8243; _builder_version=&#8221;4.27.4&#8243; _module_preset=&#8221;default&#8221; global_colors_info=&#8221;{}&#8221;][et_pb_text _builder_version=&#8221;4.27.4&#8243; _module_preset=&#8221;default&#8221; header_2_font=&#8221;Montserrat|300|||||||&#8221; header_2_font_size=&#8221;39px&#8221; header_2_line_height=&#8221;1.2em&#8221; custom_margin=&#8221;||6px|||&#8221; global_colors_info=&#8221;{}&#8221;]<\/p>\n<h2 style=\"text-align: center;\">Zobacz co&nbsp;mo\u017cesz kupi\u0107\u00a0<\/h2>\n<p>[\/et_pb_text][et_pb_divider color=&#8221;gcid-cdb61b0b-b364-4c35-97b8-35fa6b8329cc&#8221; divider_weight=&#8221;2px&#8221; _builder_version=&#8221;4.27.4&#8243; _module_preset=&#8221;default&#8221; width=&#8221;200px&#8221; module_alignment=&#8221;center&#8221; hover_enabled=&#8221;0&#8243; global_colors_info=&#8221;{%22gcid-cdb61b0b-b364-4c35-97b8-35fa6b8329cc%22:%91%22color%22%93}&#8221; sticky_enabled=&#8221;0&#8243;][\/et_pb_divider][\/et_pb_column][\/et_pb_row][et_pb_row _builder_version=&#8221;4.27.4&#8243; _module_preset=&#8221;default&#8221; global_colors_info=&#8221;{}&#8221;][et_pb_column type=&#8221;4_4&#8243; _builder_version=&#8221;4.27.4&#8243; _module_preset=&#8221;default&#8221; global_colors_info=&#8221;{}&#8221;][et_pb_shop type=&#8221;product_category&#8221; include_categories=&#8221;18&#8243; icon_hover_color=&#8221;#FFFFFF&#8221; hover_overlay_color=&#8221;rgba(0,0,0,0.23)&#8221; hover_icon=&#8221;&#x24;||divi||400&#8243; _builder_version=&#8221;4.27.4&#8243; _module_preset=&#8221;default&#8221; title_font=&#8221;Montserrat|||on|||||&#8221; price_font=&#8221;Montserrat|700|||||||&#8221; price_text_color=&#8221;#000000&#8243; price_font_size=&#8221;20px&#8221; sale_price_text_color=&#8221;#E02B20&#8243; border_width_all_image=&#8221;5px&#8221; border_color_all_image=&#8221;#FFFFFF&#8221; box_shadow_style_image=&#8221;preset3&#8243; global_colors_info=&#8221;{}&#8221;][\/et_pb_shop][\/et_pb_column][\/et_pb_row][\/et_pb_section]<\/p>\n","protected":false},"excerpt":{"rendered":"<p>OBRAZYObrazyMalarstwo to&nbsp;jedna z&nbsp;moich&nbsp;pasji od&nbsp;najm\u0142odszych lat. Od&nbsp;zawsze uwielbiam przelewa\u0107 swoje uczucia na&nbsp;p\u0142\u00f3tno. Momenty z&nbsp;p\u0119dzlem daj\u0105 mi&nbsp;ukojenie i&nbsp;odpoczynek od&nbsp;rozp\u0119dzonej codzienno\u015bci. Tak&nbsp;jak reszta moich&nbsp;kreatywnych dzie\u0142 obrazy r\u00f3wnie\u017c s\u0105&nbsp;osadzone w&nbsp;tematyce Japonii cho\u0107 cz\u0119sto te\u017c zachaczaj\u0105 o&nbsp;fantastyk\u0119.\u00a0 Zapraszam Ci\u0119 do&nbsp;mojego&nbsp;kreatywnego \u015bwiata. &nbsp;Zobacz co&nbsp;mo\u017cesz kupi\u0107\u00a0<\/p>\n","protected":false},"author":2,"featured_media":21,"parent":0,"menu_order":0,"comment_status":"closed","ping_status":"closed","template":"","meta":{"_et_pb_use_builder":"on","_et_pb_old_content":"","_et_gb_content_width":"","footnotes":""},"class_list":["post-151","page","type-page","status-publish","has-post-thumbnail","hentry"],"yoast_head":"<!-- This site is optimized with the Yoast SEO plugin v25.8 - https:\/\/yoast.com\/wordpress\/plugins\/seo\/ -->\n<title>Obrazy - Lady MARGO<\/title>\n<meta name=\"robots\" content=\"noindex, follow, max-snippet:-1, max-image-preview:large, max-video-preview:-1\" \/>\n<meta property=\"og:locale\" content=\"pl_PL\" \/>\n<meta property=\"og:type\" content=\"article\" \/>\n<meta property=\"og:title\" content=\"Obrazy - Lady MARGO\" \/>\n<meta property=\"og:description\" content=\"OBRAZYObrazyMalarstwo to&nbsp;jedna z&nbsp;moich&nbsp;pasji od&nbsp;najm\u0142odszych lat. Od&nbsp;zawsze uwielbiam przelewa\u0107 swoje uczucia na&nbsp;p\u0142\u00f3tno. Momenty z&nbsp;p\u0119dzlem daj\u0105 mi&nbsp;ukojenie i&nbsp;odpoczynek od&nbsp;rozp\u0119dzonej codzienno\u015bci. Tak&nbsp;jak reszta moich&nbsp;kreatywnych dzie\u0142 obrazy r\u00f3wnie\u017c s\u0105&nbsp;osadzone w&nbsp;tematyce Japonii cho\u0107 cz\u0119sto te\u017c zachaczaj\u0105 o&nbsp;fantastyk\u0119.\u00a0 Zapraszam Ci\u0119 do&nbsp;mojego&nbsp;kreatywnego \u015bwiata. &nbsp;Zobacz co&nbsp;mo\u017cesz kupi\u0107\u00a0\" \/>\n<meta property=\"og:url\" content=\"https:\/\/ladymargo.pl\/?page_id=151\" \/>\n<meta property=\"og:site_name\" content=\"Lady MARGO\" \/>\n<meta property=\"article:modified_time\" content=\"2025-10-14T16:08:39+00:00\" \/>\n<meta property=\"og:image\" content=\"https:\/\/ladymargo.pl\/wp-content\/uploads\/2025\/09\/1757278034971-scaled.jpg\" \/>\n\t<meta property=\"og:image:width\" content=\"1922\" \/>\n\t<meta property=\"og:image:height\" content=\"2560\" \/>\n\t<meta property=\"og:image:type\" content=\"image\/jpeg\" \/>\n<meta name=\"twitter:card\" content=\"summary_large_image\" \/>\n<script type=\"application\/ld+json\" class=\"yoast-schema-graph\">{\"@context\":\"https:\/\/schema.org\",\"@graph\":[{\"@type\":\"WebPage\",\"@id\":\"https:\/\/ladymargo.pl\/?page_id=151\",\"url\":\"https:\/\/ladymargo.pl\/?page_id=151\",\"name\":\"Obrazy - Lady MARGO\",\"isPartOf\":{\"@id\":\"https:\/\/ladymargo.pl\/#website\"},\"primaryImageOfPage\":{\"@id\":\"https:\/\/ladymargo.pl\/?page_id=151#primaryimage\"},\"image\":{\"@id\":\"https:\/\/ladymargo.pl\/?page_id=151#primaryimage\"},\"thumbnailUrl\":\"https:\/\/ladymargo.pl\/wp-content\/uploads\/2025\/09\/1757278034971-scaled.jpg\",\"datePublished\":\"2025-09-16T16:20:09+00:00\",\"dateModified\":\"2025-10-14T16:08:39+00:00\",\"breadcrumb\":{\"@id\":\"https:\/\/ladymargo.pl\/?page_id=151#breadcrumb\"},\"inLanguage\":\"pl-PL\",\"potentialAction\":[{\"@type\":\"ReadAction\",\"target\":[\"https:\/\/ladymargo.pl\/?page_id=151\"]}]},{\"@type\":\"ImageObject\",\"inLanguage\":\"pl-PL\",\"@id\":\"https:\/\/ladymargo.pl\/?page_id=151#primaryimage\",\"url\":\"https:\/\/ladymargo.pl\/wp-content\/uploads\/2025\/09\/1757278034971-scaled.jpg\",\"contentUrl\":\"https:\/\/ladymargo.pl\/wp-content\/uploads\/2025\/09\/1757278034971-scaled.jpg\",\"width\":1922,\"height\":2560},{\"@type\":\"BreadcrumbList\",\"@id\":\"https:\/\/ladymargo.pl\/?page_id=151#breadcrumb\",\"itemListElement\":[{\"@type\":\"ListItem\",\"position\":1,\"name\":\"Strona g\u0142\u00f3wna\",\"item\":\"https:\/\/ladymargo.pl\/\"},{\"@type\":\"ListItem\",\"position\":2,\"name\":\"Obrazy\"}]},{\"@type\":\"WebSite\",\"@id\":\"https:\/\/ladymargo.pl\/#website\",\"url\":\"https:\/\/ladymargo.pl\/\",\"name\":\"Lady MARGO\",\"description\":\"Kaligrafie | Obrazy | Kimona | Haori | Furoshiki\",\"potentialAction\":[{\"@type\":\"SearchAction\",\"target\":{\"@type\":\"EntryPoint\",\"urlTemplate\":\"https:\/\/ladymargo.pl\/?s={search_term_string}\"},\"query-input\":{\"@type\":\"PropertyValueSpecification\",\"valueRequired\":true,\"valueName\":\"search_term_string\"}}],\"inLanguage\":\"pl-PL\"}]}<\/script>\n<!-- \/ Yoast SEO plugin. -->","yoast_head_json":{"title":"Obrazy - Lady MARGO","robots":{"index":"noindex","follow":"follow","max-snippet":"max-snippet:-1","max-image-preview":"max-image-preview:large","max-video-preview":"max-video-preview:-1"},"og_locale":"pl_PL","og_type":"article","og_title":"Obrazy - Lady MARGO","og_description":"OBRAZYObrazyMalarstwo to&nbsp;jedna z&nbsp;moich&nbsp;pasji od&nbsp;najm\u0142odszych lat. Od&nbsp;zawsze uwielbiam przelewa\u0107 swoje uczucia na&nbsp;p\u0142\u00f3tno. Momenty z&nbsp;p\u0119dzlem daj\u0105 mi&nbsp;ukojenie i&nbsp;odpoczynek od&nbsp;rozp\u0119dzonej codzienno\u015bci. Tak&nbsp;jak reszta moich&nbsp;kreatywnych dzie\u0142 obrazy r\u00f3wnie\u017c s\u0105&nbsp;osadzone w&nbsp;tematyce Japonii cho\u0107 cz\u0119sto te\u017c zachaczaj\u0105 o&nbsp;fantastyk\u0119.\u00a0 Zapraszam Ci\u0119 do&nbsp;mojego&nbsp;kreatywnego \u015bwiata. &nbsp;Zobacz co&nbsp;mo\u017cesz kupi\u0107\u00a0","og_url":"https:\/\/ladymargo.pl\/?page_id=151","og_site_name":"Lady MARGO","article_modified_time":"2025-10-14T16:08:39+00:00","og_image":[{"width":1922,"height":2560,"url":"https:\/\/ladymargo.pl\/wp-content\/uploads\/2025\/09\/1757278034971-scaled.jpg","type":"image\/jpeg"}],"twitter_card":"summary_large_image","schema":{"@context":"https:\/\/schema.org","@graph":[{"@type":"WebPage","@id":"https:\/\/ladymargo.pl\/?page_id=151","url":"https:\/\/ladymargo.pl\/?page_id=151","name":"Obrazy - Lady MARGO","isPartOf":{"@id":"https:\/\/ladymargo.pl\/#website"},"primaryImageOfPage":{"@id":"https:\/\/ladymargo.pl\/?page_id=151#primaryimage"},"image":{"@id":"https:\/\/ladymargo.pl\/?page_id=151#primaryimage"},"thumbnailUrl":"https:\/\/ladymargo.pl\/wp-content\/uploads\/2025\/09\/1757278034971-scaled.jpg","datePublished":"2025-09-16T16:20:09+00:00","dateModified":"2025-10-14T16:08:39+00:00","breadcrumb":{"@id":"https:\/\/ladymargo.pl\/?page_id=151#breadcrumb"},"inLanguage":"pl-PL","potentialAction":[{"@type":"ReadAction","target":["https:\/\/ladymargo.pl\/?page_id=151"]}]},{"@type":"ImageObject","inLanguage":"pl-PL","@id":"https:\/\/ladymargo.pl\/?page_id=151#primaryimage","url":"https:\/\/ladymargo.pl\/wp-content\/uploads\/2025\/09\/1757278034971-scaled.jpg","contentUrl":"https:\/\/ladymargo.pl\/wp-content\/uploads\/2025\/09\/1757278034971-scaled.jpg","width":1922,"height":2560},{"@type":"BreadcrumbList","@id":"https:\/\/ladymargo.pl\/?page_id=151#breadcrumb","itemListElement":[{"@type":"ListItem","position":1,"name":"Strona g\u0142\u00f3wna","item":"https:\/\/ladymargo.pl\/"},{"@type":"ListItem","position":2,"name":"Obrazy"}]},{"@type":"WebSite","@id":"https:\/\/ladymargo.pl\/#website","url":"https:\/\/ladymargo.pl\/","name":"Lady MARGO","description":"Kaligrafie | Obrazy | Kimona | Haori | Furoshiki","potentialAction":[{"@type":"SearchAction","target":{"@type":"EntryPoint","urlTemplate":"https:\/\/ladymargo.pl\/?s={search_term_string}"},"query-input":{"@type":"PropertyValueSpecification","valueRequired":true,"valueName":"search_term_string"}}],"inLanguage":"pl-PL"}]}},"_links":{"self":[{"href":"https:\/\/ladymargo.pl\/index.php?rest_route=\/wp\/v2\/pages\/151","targetHints":{"allow":["GET"]}}],"collection":[{"href":"https:\/\/ladymargo.pl\/index.php?rest_route=\/wp\/v2\/pages"}],"about":[{"href":"https:\/\/ladymargo.pl\/index.php?rest_route=\/wp\/v2\/types\/page"}],"author":[{"embeddable":true,"href":"https:\/\/ladymargo.pl\/index.php?rest_route=\/wp\/v2\/users\/2"}],"replies":[{"embeddable":true,"href":"https:\/\/ladymargo.pl\/index.php?rest_route=%2Fwp%2Fv2%2Fcomments&post=151"}],"version-history":[{"count":8,"href":"https:\/\/ladymargo.pl\/index.php?rest_route=\/wp\/v2\/pages\/151\/revisions"}],"predecessor-version":[{"id":312,"href":"https:\/\/ladymargo.pl\/index.php?rest_route=\/wp\/v2\/pages\/151\/revisions\/312"}],"wp:featuredmedia":[{"embeddable":true,"href":"https:\/\/ladymargo.pl\/index.php?rest_route=\/wp\/v2\/media\/21"}],"wp:attachment":[{"href":"https:\/\/ladymargo.pl\/index.php?rest_route=%2Fwp%2Fv2%2Fmedia&parent=151"}],"curies":[{"name":"wp","href":"https:\/\/api.w.org\/{rel}","templated":true}]}}