{"id":120,"date":"2025-09-16T13:08:56","date_gmt":"2025-09-16T13:08:56","guid":{"rendered":"https:\/\/ladymargo.pl\/?page_id=120"},"modified":"2025-10-14T16:07:23","modified_gmt":"2025-10-14T16:07:23","slug":"furoshiki-2","status":"publish","type":"page","link":"https:\/\/ladymargo.pl\/?page_id=120","title":{"rendered":"Furoshiki"},"content":{"rendered":"<p>[et_pb_section fb_built=&#8221;1&#8243; _builder_version=&#8221;4.27.4&#8243; _module_preset=&#8221;default&#8221; background_image=&#8221;https:\/\/ladymargo.pl\/wp-content\/uploads\/2025\/09\/LADY-Margo-Furoshiki.webp&#8221; background_position=&#8221;top_center&#8221; custom_padding=&#8221;54px||54px||true|&#8221; global_colors_info=&#8221;{}&#8221;][et_pb_row _builder_version=&#8221;4.27.4&#8243; _module_preset=&#8221;default&#8221; custom_padding=&#8221;0px||0px|||&#8221; global_colors_info=&#8221;{}&#8221;][et_pb_column type=&#8221;4_4&#8243; _builder_version=&#8221;4.27.4&#8243; _module_preset=&#8221;default&#8221; global_colors_info=&#8221;{}&#8221;][et_pb_text _builder_version=&#8221;4.27.4&#8243; _module_preset=&#8221;default&#8221; header_font=&#8221;Montserrat|300|||||||&#8221; header_text_color=&#8221;#FFFFFF&#8221; background_color=&#8221;gcid-cdb61b0b-b364-4c35-97b8-35fa6b8329cc&#8221; text_orientation=&#8221;center&#8221; width=&#8221;200px&#8221; width_tablet=&#8221;190px&#8221; width_phone=&#8221;180px&#8221; width_last_edited=&#8221;on|tablet&#8221; module_alignment=&#8221;center&#8221; custom_margin=&#8221;||||false|false&#8221; custom_padding=&#8221;78px||78px||true|false&#8221; hover_enabled=&#8221;0&#8243; header_font_size_tablet=&#8221;24px&#8221; header_font_size_phone=&#8221;20px&#8221; header_font_size_last_edited=&#8221;on|phone&#8221; border_radii=&#8221;on|808px|808px|808px|808px&#8221; global_colors_info=&#8221;{%22gcid-cdb61b0b-b364-4c35-97b8-35fa6b8329cc%22:%91%22background_color%22%93}&#8221; sticky_enabled=&#8221;0&#8243;]<\/p>\n<h1 style=\"text-align: center;\">FUROSHIKI<\/h1>\n<p>[\/et_pb_text][\/et_pb_column][\/et_pb_row][\/et_pb_section][et_pb_section fb_built=&#8221;1&#8243; _builder_version=&#8221;4.27.4&#8243; _module_preset=&#8221;default&#8221; global_colors_info=&#8221;{}&#8221;][et_pb_row column_structure=&#8221;1_3,1_3,1_3&#8243; use_custom_gutter=&#8221;on&#8221; _builder_version=&#8221;4.27.4&#8243; _module_preset=&#8221;default&#8221; width=&#8221;81%&#8221; global_colors_info=&#8221;{}&#8221;][et_pb_column type=&#8221;1_3&#8243; _builder_version=&#8221;4.27.4&#8243; _module_preset=&#8221;default&#8221; global_colors_info=&#8221;{}&#8221;][et_pb_image src=&#8221;https:\/\/ladymargo.pl\/wp-content\/uploads\/2025\/09\/IKONY-6.png&#8221; title_text=&#8221;IKONY-6&#8243; _builder_version=&#8221;4.27.4&#8243; _module_preset=&#8221;default&#8221; hover_enabled=&#8221;0&#8243; global_colors_info=&#8221;{}&#8221; filter_hue_rotate=&#8221;342deg&#8221; filter_saturate=&#8221;137%&#8221; sticky_enabled=&#8221;0&#8243;][\/et_pb_image][et_pb_text _builder_version=&#8221;4.27.4&#8243; _module_preset=&#8221;default&#8221; header_2_font=&#8221;Montserrat|300|||||||&#8221; header_2_font_size=&#8221;39px&#8221; header_2_line_height=&#8221;1.2em&#8221; custom_margin=&#8221;||0px|||&#8221; global_colors_info=&#8221;{}&#8221;]<\/p>\n<h2>Furoshiki<\/h2>\n<p>[\/et_pb_text][et_pb_divider color=&#8221;gcid-cdb61b0b-b364-4c35-97b8-35fa6b8329cc&#8221; divider_weight=&#8221;2px&#8221; _builder_version=&#8221;4.27.4&#8243; _module_preset=&#8221;default&#8221; width=&#8221;200px&#8221; hover_enabled=&#8221;0&#8243; global_colors_info=&#8221;{%22gcid-cdb61b0b-b364-4c35-97b8-35fa6b8329cc%22:%91%22color%22%93}&#8221; sticky_enabled=&#8221;0&#8243;][\/et_pb_divider][\/et_pb_column][et_pb_column type=&#8221;1_3&#8243; _builder_version=&#8221;4.27.4&#8243; _module_preset=&#8221;default&#8221; global_colors_info=&#8221;{}&#8221;][et_pb_text _builder_version=&#8221;4.27.4&#8243; _module_preset=&#8221;default&#8221; text_font=&#8221;Montserrat||||||||&#8221; hover_enabled=&#8221;0&#8243; global_colors_info=&#8221;{}&#8221; sticky_enabled=&#8221;0&#8243;]<\/p>\n<p>Japo\u0144skie <strong data-start=\"10\" data-end=\"23\">furoshiki<\/strong> to\u00a0tradycyjne kwadratowe chusty u\u017cywane do\u00a0owijania i\u00a0przenoszenia r\u00f3\u017cnych przedmiot\u00f3w. Pocz\u0105tkowo s\u0142u\u017cy\u0142y do\u00a0pakowania ubra\u0144 w\u00a0\u0142a\u017aniach publicznych, a\u00a0z\u00a0czasem sta\u0142y si\u0119 praktycznym i\u00a0estetycznym sposobem na\u00a0transport rzeczy codziennego u\u017cytku czy\u00a0wr\u0119czanie prezent\u00f3w. Dzi\u0119ki r\u00f3\u017cnym technikom wi\u0105zania furoshiki mog\u0105 zast\u0105pi\u0107 torb\u0119, opakowanie na\u00a0butelk\u0119, pude\u0142ko czy\u00a0plecak. Wsp\u00f3\u0142cze\u015bnie, poza funkcj\u0105 praktyczn\u0105, zyska\u0142y te\u017c znaczenie ekologiczne \u2013 ograniczaj\u0105 u\u017cycie jednorazowych opakowa\u0144 i\u00a0wpisuj\u0105 si\u0119 w\u00a0ide\u0119 zero waste.<\/p>\n<p>[\/et_pb_text][\/et_pb_column][et_pb_column type=&#8221;1_3&#8243; _builder_version=&#8221;4.27.4&#8243; _module_preset=&#8221;default&#8221; global_colors_info=&#8221;{}&#8221;][et_pb_image src=&#8221;https:\/\/ladymargo.pl\/wp-content\/uploads\/2025\/09\/Furoshiki-scaled.webp&#8221; title_text=&#8221;Furoshiki&#8221; _builder_version=&#8221;4.27.4&#8243; _module_preset=&#8221;default&#8221; width=&#8221;100%&#8221; global_colors_info=&#8221;{}&#8221;][\/et_pb_image][\/et_pb_column][\/et_pb_row][\/et_pb_section][et_pb_section fb_built=&#8221;1&#8243; _builder_version=&#8221;4.27.4&#8243; _module_preset=&#8221;default&#8221; background_color=&#8221;#f7f7f7&#8243; custom_padding=&#8221;31px||50px|||&#8221; global_colors_info=&#8221;{}&#8221;][et_pb_row _builder_version=&#8221;4.27.4&#8243; _module_preset=&#8221;default&#8221; global_colors_info=&#8221;{}&#8221;][et_pb_column type=&#8221;4_4&#8243; _builder_version=&#8221;4.27.4&#8243; _module_preset=&#8221;default&#8221; global_colors_info=&#8221;{}&#8221;][et_pb_text _builder_version=&#8221;4.27.4&#8243; _module_preset=&#8221;default&#8221; header_2_font=&#8221;Montserrat|300|||||||&#8221; header_2_font_size=&#8221;39px&#8221; header_2_line_height=&#8221;1.2em&#8221; custom_margin=&#8221;||6px|||&#8221; global_colors_info=&#8221;{}&#8221;]<\/p>\n<h2 style=\"text-align: center;\">Z&nbsp;czego szyj\u0119 furoshiki ?<\/h2>\n<p>[\/et_pb_text][et_pb_divider color=&#8221;#E02B20&#8243; divider_weight=&#8221;2px&#8221; _builder_version=&#8221;4.27.4&#8243; _module_preset=&#8221;default&#8221; width=&#8221;200px&#8221; module_alignment=&#8221;center&#8221; global_colors_info=&#8221;{}&#8221;][\/et_pb_divider][\/et_pb_column][\/et_pb_row][et_pb_row column_structure=&#8221;1_4,1_4,1_4,1_4&#8243; _builder_version=&#8221;4.27.4&#8243; _module_preset=&#8221;default&#8221; max_width=&#8221;1440px&#8221; global_colors_info=&#8221;{}&#8221;][et_pb_column type=&#8221;1_4&#8243; _builder_version=&#8221;4.27.4&#8243; _module_preset=&#8221;default&#8221; global_colors_info=&#8221;{}&#8221;][et_pb_image src=&#8221;https:\/\/ladymargo.pl\/wp-content\/uploads\/2025\/09\/furoshiki-brama.webp&#8221; title_text=&#8221;furoshiki brama&#8221; _builder_version=&#8221;4.27.4&#8243; _module_preset=&#8221;default&#8221; border_radii=&#8221;on|782px|782px|782px|782px&#8221; global_colors_info=&#8221;{}&#8221;][\/et_pb_image][et_pb_text _builder_version=&#8221;4.27.4&#8243; _module_preset=&#8221;default&#8221; header_3_font=&#8221;Montserrat|700||on|||||&#8221; header_3_letter_spacing=&#8221;4px&#8221; global_colors_info=&#8221;{}&#8221;]<\/p>\n<h3 style=\"text-align: left;\"><span class=\"a_GcMg font-feature-liga-off font-feature-clig-off font-feature-calt-off text-decoration-none text-strikethrough-none\">Bawe\u0142na drukowana cyfrowo<\/span><\/h3>\n<p>[\/et_pb_text][\/et_pb_column][et_pb_column type=&#8221;1_4&#8243; _builder_version=&#8221;4.27.4&#8243; _module_preset=&#8221;default&#8221; global_colors_info=&#8221;{}&#8221;][et_pb_image src=&#8221;https:\/\/ladymargo.pl\/wp-content\/uploads\/2025\/09\/furoshiki-sakura-2.webp&#8221; title_text=&#8221;furoshiki sakura 2&#8243; _builder_version=&#8221;4.27.4&#8243; _module_preset=&#8221;default&#8221; border_radii=&#8221;on|574px|574px|574px|574px&#8221; global_colors_info=&#8221;{}&#8221;][\/et_pb_image][et_pb_text _builder_version=&#8221;4.27.4&#8243; _module_preset=&#8221;default&#8221; header_3_font=&#8221;Montserrat|700||on|||||&#8221; header_3_letter_spacing=&#8221;4px&#8221; global_colors_info=&#8221;{}&#8221;]<\/p>\n<h3><span class=\"a_GcMg font-feature-liga-off font-feature-clig-off font-feature-calt-off text-decoration-none text-strikethrough-none\">Bawe\u0142na z\u00a0z<\/span><span class=\"a_GcMg font-feature-liga-off font-feature-clig-off font-feature-calt-off text-decoration-none text-strikethrough-none\">\u0142<\/span><span class=\"a_GcMg font-feature-liga-off font-feature-clig-off font-feature-calt-off text-decoration-none text-strikethrough-none\">oceniem<\/span><\/h3>\n<p>[\/et_pb_text][\/et_pb_column][et_pb_column type=&#8221;1_4&#8243; _builder_version=&#8221;4.27.4&#8243; _module_preset=&#8221;default&#8221; global_colors_info=&#8221;{}&#8221;][et_pb_image src=&#8221;https:\/\/ladymargo.pl\/wp-content\/uploads\/2025\/09\/furoshiki-sliwa.webp&#8221; title_text=&#8221;furoshiki \u015bliwa&#8221; _builder_version=&#8221;4.27.4&#8243; _module_preset=&#8221;default&#8221; border_radii=&#8221;on|648px|648px|648px|648px&#8221; global_colors_info=&#8221;{}&#8221;][\/et_pb_image][et_pb_text _builder_version=&#8221;4.27.4&#8243; _module_preset=&#8221;default&#8221; header_3_font=&#8221;Montserrat|700||on|||||&#8221; header_3_letter_spacing=&#8221;4px&#8221; global_colors_info=&#8221;{}&#8221;]<\/p>\n<h3><span class=\"a_GcMg font-feature-liga-off font-feature-clig-off font-feature-calt-off text-decoration-none text-strikethrough-none\">Bawe\u0142na wzorzasta<\/span><\/h3>\n<p>[\/et_pb_text][\/et_pb_column][et_pb_column type=&#8221;1_4&#8243; _builder_version=&#8221;4.27.4&#8243; _module_preset=&#8221;default&#8221; global_colors_info=&#8221;{}&#8221;][et_pb_image src=&#8221;https:\/\/ladymargo.pl\/wp-content\/uploads\/2025\/09\/Len.webp&#8221; title_text=&#8221;Len&#8221; _builder_version=&#8221;4.27.4&#8243; _module_preset=&#8221;default&#8221; border_radii=&#8221;on|648px|648px|648px|648px&#8221; global_colors_info=&#8221;{}&#8221;][\/et_pb_image][et_pb_text _builder_version=&#8221;4.27.4&#8243; _module_preset=&#8221;default&#8221; header_3_font=&#8221;Montserrat|700||on|||||&#8221; header_3_letter_spacing=&#8221;4px&#8221; global_colors_info=&#8221;{}&#8221;]<\/p>\n<h3><span class=\"a_GcMg font-feature-liga-off font-feature-clig-off font-feature-calt-off text-decoration-none text-strikethrough-none\">LEN<\/span><\/h3>\n<p>[\/et_pb_text][\/et_pb_column][\/et_pb_row][\/et_pb_section][et_pb_section fb_built=&#8221;1&#8243; _builder_version=&#8221;4.27.4&#8243; _module_preset=&#8221;default&#8221; background_image=&#8221;https:\/\/ladymargo.pl\/wp-content\/uploads\/2025\/09\/furoshiki-czerwone-chmury.webp&#8221; custom_padding=&#8221;170px||170px||true|&#8221; global_colors_info=&#8221;{}&#8221;][et_pb_row _builder_version=&#8221;4.27.4&#8243; _module_preset=&#8221;default&#8221; global_colors_info=&#8221;{}&#8221;][et_pb_column type=&#8221;4_4&#8243; _builder_version=&#8221;4.27.4&#8243; _module_preset=&#8221;default&#8221; global_colors_info=&#8221;{}&#8221;][et_pb_text _builder_version=&#8221;4.27.4&#8243; _module_preset=&#8221;default&#8221; header_2_font=&#8221;Montserrat|300|||||||&#8221; header_2_text_color=&#8221;#FFFFFF&#8221; header_2_font_size=&#8221;39px&#8221; header_2_line_height=&#8221;1.2em&#8221; custom_margin=&#8221;||6px|||&#8221; global_colors_info=&#8221;{}&#8221;]<\/p>\n<h2 style=\"text-align: left;\">FUROSHIKI<\/h2>\n<p>[\/et_pb_text][et_pb_divider color=&#8221;#E02B20&#8243; divider_weight=&#8221;2px&#8221; _builder_version=&#8221;4.27.4&#8243; _module_preset=&#8221;default&#8221; width=&#8221;200px&#8221; module_alignment=&#8221;left&#8221; global_colors_info=&#8221;{}&#8221;][\/et_pb_divider][et_pb_text _builder_version=&#8221;4.27.4&#8243; _module_preset=&#8221;default&#8221; ul_font=&#8221;Montserrat||||||||&#8221; ul_text_color=&#8221;#FFFFFF&#8221; ul_font_size=&#8221;20px&#8221; ul_line_height=&#8221;1.6em&#8221; hover_enabled=&#8221;0&#8243; global_colors_info=&#8221;{}&#8221; sticky_enabled=&#8221;0&#8243;]<\/p>\n<ul>\n<li>dwustronne<\/li>\n<li>z\u00a0naturanych materia\u0142\u00f3w<\/li>\n<li>praktyczne<\/li>\n<li>w pi\u0119kne japo\u0144skie wzory<\/li>\n<\/ul>\n<p>[\/et_pb_text][\/et_pb_column][\/et_pb_row][\/et_pb_section][et_pb_section fb_built=&#8221;1&#8243; _builder_version=&#8221;4.27.4&#8243; _module_preset=&#8221;default&#8221; custom_padding=&#8221;0px|||||&#8221; global_colors_info=&#8221;{}&#8221;][et_pb_row _builder_version=&#8221;4.27.4&#8243; _module_preset=&#8221;default&#8221; global_colors_info=&#8221;{}&#8221;][et_pb_column type=&#8221;4_4&#8243; _builder_version=&#8221;4.27.4&#8243; _module_preset=&#8221;default&#8221; global_colors_info=&#8221;{}&#8221;][et_pb_text _builder_version=&#8221;4.27.4&#8243; _module_preset=&#8221;default&#8221; header_2_font=&#8221;Montserrat|300|||||||&#8221; header_2_font_size=&#8221;39px&#8221; header_2_line_height=&#8221;1.2em&#8221; custom_margin=&#8221;||6px|||&#8221; global_colors_info=&#8221;{}&#8221;]<\/p>\n<h2 style=\"text-align: center;\">Zobacz co&nbsp;mo\u017cesz kupi\u0107\u00a0<\/h2>\n<p>[\/et_pb_text][et_pb_divider color=&#8221;#E02B20&#8243; divider_weight=&#8221;2px&#8221; _builder_version=&#8221;4.27.4&#8243; _module_preset=&#8221;default&#8221; width=&#8221;200px&#8221; module_alignment=&#8221;center&#8221; global_colors_info=&#8221;{}&#8221;][\/et_pb_divider][\/et_pb_column][\/et_pb_row][et_pb_row _builder_version=&#8221;4.27.4&#8243; _module_preset=&#8221;default&#8221; global_colors_info=&#8221;{}&#8221;][et_pb_column type=&#8221;4_4&#8243; _builder_version=&#8221;4.27.4&#8243; _module_preset=&#8221;default&#8221; global_colors_info=&#8221;{}&#8221;][et_pb_shop type=&#8221;product_category&#8221; include_categories=&#8221;22&#8243; icon_hover_color=&#8221;#FFFFFF&#8221; hover_overlay_color=&#8221;rgba(0,0,0,0.23)&#8221; hover_icon=&#8221;&#x24;||divi||400&#8243; _builder_version=&#8221;4.27.4&#8243; _module_preset=&#8221;default&#8221; title_font=&#8221;Montserrat|||on|||||&#8221; price_font=&#8221;Montserrat|700|||||||&#8221; price_text_color=&#8221;#000000&#8243; price_font_size=&#8221;20px&#8221; sale_price_text_color=&#8221;#E02B20&#8243; border_width_all_image=&#8221;4px&#8221; border_color_all_image=&#8221;#FFFFFF&#8221; box_shadow_style_image=&#8221;preset3&#8243; global_colors_info=&#8221;{}&#8221;][\/et_pb_shop][\/et_pb_column][\/et_pb_row][\/et_pb_section]<\/p>\n","protected":false},"excerpt":{"rendered":"<p>FUROSHIKIFuroshikiJapo\u0144skie furoshiki to\u00a0tradycyjne kwadratowe chusty u\u017cywane do\u00a0owijania i\u00a0przenoszenia r\u00f3\u017cnych przedmiot\u00f3w. Pocz\u0105tkowo s\u0142u\u017cy\u0142y do\u00a0pakowania ubra\u0144 w\u00a0\u0142a\u017aniach publicznych, a\u00a0z\u00a0czasem sta\u0142y si\u0119 praktycznym i\u00a0estetycznym sposobem na\u00a0transport rzeczy codziennego u\u017cytku czy\u00a0wr\u0119czanie prezent\u00f3w. Dzi\u0119ki r\u00f3\u017cnym technikom wi\u0105zania furoshiki mog\u0105 zast\u0105pi\u0107 torb\u0119, opakowanie na\u00a0butelk\u0119, pude\u0142ko czy\u00a0plecak. Wsp\u00f3\u0142cze\u015bnie, poza funkcj\u0105 praktyczn\u0105, zyska\u0142y te\u017c znaczenie ekologiczne \u2013 ograniczaj\u0105 u\u017cycie jednorazowych opakowa\u0144 i\u00a0wpisuj\u0105 si\u0119 [&hellip;]<\/p>\n","protected":false},"author":2,"featured_media":39,"parent":0,"menu_order":0,"comment_status":"closed","ping_status":"closed","template":"","meta":{"_et_pb_use_builder":"on","_et_pb_old_content":"","_et_gb_content_width":"","footnotes":""},"class_list":["post-120","page","type-page","status-publish","has-post-thumbnail","hentry"],"yoast_head":"<!-- This site is optimized with the Yoast SEO plugin v25.8 - https:\/\/yoast.com\/wordpress\/plugins\/seo\/ -->\n<title>Furoshiki - Lady MARGO<\/title>\n<meta name=\"robots\" content=\"noindex, follow, max-snippet:-1, max-image-preview:large, max-video-preview:-1\" \/>\n<meta property=\"og:locale\" content=\"pl_PL\" \/>\n<meta property=\"og:type\" content=\"article\" \/>\n<meta property=\"og:title\" content=\"Furoshiki - Lady MARGO\" \/>\n<meta property=\"og:description\" content=\"FUROSHIKIFuroshikiJapo\u0144skie furoshiki to\u00a0tradycyjne kwadratowe chusty u\u017cywane do\u00a0owijania i\u00a0przenoszenia r\u00f3\u017cnych przedmiot\u00f3w. Pocz\u0105tkowo s\u0142u\u017cy\u0142y do\u00a0pakowania ubra\u0144 w\u00a0\u0142a\u017aniach publicznych, a\u00a0z\u00a0czasem sta\u0142y si\u0119 praktycznym i\u00a0estetycznym sposobem na\u00a0transport rzeczy codziennego u\u017cytku czy\u00a0wr\u0119czanie prezent\u00f3w. Dzi\u0119ki r\u00f3\u017cnym technikom wi\u0105zania furoshiki mog\u0105 zast\u0105pi\u0107 torb\u0119, opakowanie na\u00a0butelk\u0119, pude\u0142ko czy\u00a0plecak. Wsp\u00f3\u0142cze\u015bnie, poza funkcj\u0105 praktyczn\u0105, zyska\u0142y te\u017c znaczenie ekologiczne \u2013 ograniczaj\u0105 u\u017cycie jednorazowych opakowa\u0144 i\u00a0wpisuj\u0105 si\u0119 [&hellip;]\" \/>\n<meta property=\"og:url\" content=\"https:\/\/ladymargo.pl\/?page_id=120\" \/>\n<meta property=\"og:site_name\" content=\"Lady MARGO\" \/>\n<meta property=\"article:modified_time\" content=\"2025-10-14T16:07:23+00:00\" \/>\n<meta property=\"og:image\" content=\"https:\/\/ladymargo.pl\/wp-content\/uploads\/2025\/09\/LADY-Margo-Furoshiki.webp\" \/>\n\t<meta property=\"og:image:width\" content=\"2500\" \/>\n\t<meta property=\"og:image:height\" content=\"1408\" \/>\n\t<meta property=\"og:image:type\" content=\"image\/webp\" \/>\n<meta name=\"twitter:card\" content=\"summary_large_image\" \/>\n<script type=\"application\/ld+json\" class=\"yoast-schema-graph\">{\"@context\":\"https:\/\/schema.org\",\"@graph\":[{\"@type\":\"WebPage\",\"@id\":\"https:\/\/ladymargo.pl\/?page_id=120\",\"url\":\"https:\/\/ladymargo.pl\/?page_id=120\",\"name\":\"Furoshiki - Lady MARGO\",\"isPartOf\":{\"@id\":\"https:\/\/ladymargo.pl\/#website\"},\"primaryImageOfPage\":{\"@id\":\"https:\/\/ladymargo.pl\/?page_id=120#primaryimage\"},\"image\":{\"@id\":\"https:\/\/ladymargo.pl\/?page_id=120#primaryimage\"},\"thumbnailUrl\":\"https:\/\/ladymargo.pl\/wp-content\/uploads\/2025\/09\/LADY-Margo-Furoshiki.webp\",\"datePublished\":\"2025-09-16T13:08:56+00:00\",\"dateModified\":\"2025-10-14T16:07:23+00:00\",\"breadcrumb\":{\"@id\":\"https:\/\/ladymargo.pl\/?page_id=120#breadcrumb\"},\"inLanguage\":\"pl-PL\",\"potentialAction\":[{\"@type\":\"ReadAction\",\"target\":[\"https:\/\/ladymargo.pl\/?page_id=120\"]}]},{\"@type\":\"ImageObject\",\"inLanguage\":\"pl-PL\",\"@id\":\"https:\/\/ladymargo.pl\/?page_id=120#primaryimage\",\"url\":\"https:\/\/ladymargo.pl\/wp-content\/uploads\/2025\/09\/LADY-Margo-Furoshiki.webp\",\"contentUrl\":\"https:\/\/ladymargo.pl\/wp-content\/uploads\/2025\/09\/LADY-Margo-Furoshiki.webp\",\"width\":2500,\"height\":1408,\"caption\":\"Furoshiki Lady MARGO\"},{\"@type\":\"BreadcrumbList\",\"@id\":\"https:\/\/ladymargo.pl\/?page_id=120#breadcrumb\",\"itemListElement\":[{\"@type\":\"ListItem\",\"position\":1,\"name\":\"Strona g\u0142\u00f3wna\",\"item\":\"https:\/\/ladymargo.pl\/\"},{\"@type\":\"ListItem\",\"position\":2,\"name\":\"Furoshiki\"}]},{\"@type\":\"WebSite\",\"@id\":\"https:\/\/ladymargo.pl\/#website\",\"url\":\"https:\/\/ladymargo.pl\/\",\"name\":\"Lady MARGO\",\"description\":\"Kaligrafie | Obrazy | Kimona | Haori | Furoshiki\",\"potentialAction\":[{\"@type\":\"SearchAction\",\"target\":{\"@type\":\"EntryPoint\",\"urlTemplate\":\"https:\/\/ladymargo.pl\/?s={search_term_string}\"},\"query-input\":{\"@type\":\"PropertyValueSpecification\",\"valueRequired\":true,\"valueName\":\"search_term_string\"}}],\"inLanguage\":\"pl-PL\"}]}<\/script>\n<!-- \/ Yoast SEO plugin. -->","yoast_head_json":{"title":"Furoshiki - Lady MARGO","robots":{"index":"noindex","follow":"follow","max-snippet":"max-snippet:-1","max-image-preview":"max-image-preview:large","max-video-preview":"max-video-preview:-1"},"og_locale":"pl_PL","og_type":"article","og_title":"Furoshiki - Lady MARGO","og_description":"FUROSHIKIFuroshikiJapo\u0144skie furoshiki to\u00a0tradycyjne kwadratowe chusty u\u017cywane do\u00a0owijania i\u00a0przenoszenia r\u00f3\u017cnych przedmiot\u00f3w. Pocz\u0105tkowo s\u0142u\u017cy\u0142y do\u00a0pakowania ubra\u0144 w\u00a0\u0142a\u017aniach publicznych, a\u00a0z\u00a0czasem sta\u0142y si\u0119 praktycznym i\u00a0estetycznym sposobem na\u00a0transport rzeczy codziennego u\u017cytku czy\u00a0wr\u0119czanie prezent\u00f3w. Dzi\u0119ki r\u00f3\u017cnym technikom wi\u0105zania furoshiki mog\u0105 zast\u0105pi\u0107 torb\u0119, opakowanie na\u00a0butelk\u0119, pude\u0142ko czy\u00a0plecak. Wsp\u00f3\u0142cze\u015bnie, poza funkcj\u0105 praktyczn\u0105, zyska\u0142y te\u017c znaczenie ekologiczne \u2013 ograniczaj\u0105 u\u017cycie jednorazowych opakowa\u0144 i\u00a0wpisuj\u0105 si\u0119 [&hellip;]","og_url":"https:\/\/ladymargo.pl\/?page_id=120","og_site_name":"Lady MARGO","article_modified_time":"2025-10-14T16:07:23+00:00","og_image":[{"width":2500,"height":1408,"url":"https:\/\/ladymargo.pl\/wp-content\/uploads\/2025\/09\/LADY-Margo-Furoshiki.webp","type":"image\/webp"}],"twitter_card":"summary_large_image","schema":{"@context":"https:\/\/schema.org","@graph":[{"@type":"WebPage","@id":"https:\/\/ladymargo.pl\/?page_id=120","url":"https:\/\/ladymargo.pl\/?page_id=120","name":"Furoshiki - Lady MARGO","isPartOf":{"@id":"https:\/\/ladymargo.pl\/#website"},"primaryImageOfPage":{"@id":"https:\/\/ladymargo.pl\/?page_id=120#primaryimage"},"image":{"@id":"https:\/\/ladymargo.pl\/?page_id=120#primaryimage"},"thumbnailUrl":"https:\/\/ladymargo.pl\/wp-content\/uploads\/2025\/09\/LADY-Margo-Furoshiki.webp","datePublished":"2025-09-16T13:08:56+00:00","dateModified":"2025-10-14T16:07:23+00:00","breadcrumb":{"@id":"https:\/\/ladymargo.pl\/?page_id=120#breadcrumb"},"inLanguage":"pl-PL","potentialAction":[{"@type":"ReadAction","target":["https:\/\/ladymargo.pl\/?page_id=120"]}]},{"@type":"ImageObject","inLanguage":"pl-PL","@id":"https:\/\/ladymargo.pl\/?page_id=120#primaryimage","url":"https:\/\/ladymargo.pl\/wp-content\/uploads\/2025\/09\/LADY-Margo-Furoshiki.webp","contentUrl":"https:\/\/ladymargo.pl\/wp-content\/uploads\/2025\/09\/LADY-Margo-Furoshiki.webp","width":2500,"height":1408,"caption":"Furoshiki Lady MARGO"},{"@type":"BreadcrumbList","@id":"https:\/\/ladymargo.pl\/?page_id=120#breadcrumb","itemListElement":[{"@type":"ListItem","position":1,"name":"Strona g\u0142\u00f3wna","item":"https:\/\/ladymargo.pl\/"},{"@type":"ListItem","position":2,"name":"Furoshiki"}]},{"@type":"WebSite","@id":"https:\/\/ladymargo.pl\/#website","url":"https:\/\/ladymargo.pl\/","name":"Lady MARGO","description":"Kaligrafie | Obrazy | Kimona | Haori | Furoshiki","potentialAction":[{"@type":"SearchAction","target":{"@type":"EntryPoint","urlTemplate":"https:\/\/ladymargo.pl\/?s={search_term_string}"},"query-input":{"@type":"PropertyValueSpecification","valueRequired":true,"valueName":"search_term_string"}}],"inLanguage":"pl-PL"}]}},"_links":{"self":[{"href":"https:\/\/ladymargo.pl\/index.php?rest_route=\/wp\/v2\/pages\/120","targetHints":{"allow":["GET"]}}],"collection":[{"href":"https:\/\/ladymargo.pl\/index.php?rest_route=\/wp\/v2\/pages"}],"about":[{"href":"https:\/\/ladymargo.pl\/index.php?rest_route=\/wp\/v2\/types\/page"}],"author":[{"embeddable":true,"href":"https:\/\/ladymargo.pl\/index.php?rest_route=\/wp\/v2\/users\/2"}],"replies":[{"embeddable":true,"href":"https:\/\/ladymargo.pl\/index.php?rest_route=%2Fwp%2Fv2%2Fcomments&post=120"}],"version-history":[{"count":12,"href":"https:\/\/ladymargo.pl\/index.php?rest_route=\/wp\/v2\/pages\/120\/revisions"}],"predecessor-version":[{"id":311,"href":"https:\/\/ladymargo.pl\/index.php?rest_route=\/wp\/v2\/pages\/120\/revisions\/311"}],"wp:featuredmedia":[{"embeddable":true,"href":"https:\/\/ladymargo.pl\/index.php?rest_route=\/wp\/v2\/media\/39"}],"wp:attachment":[{"href":"https:\/\/ladymargo.pl\/index.php?rest_route=%2Fwp%2Fv2%2Fmedia&parent=120"}],"curies":[{"name":"wp","href":"https:\/\/api.w.org\/{rel}","templated":true}]}}