{"id":102,"date":"2025-09-16T11:25:06","date_gmt":"2025-09-16T11:25:06","guid":{"rendered":"https:\/\/ladymargo.pl\/?page_id=102"},"modified":"2025-10-14T16:03:12","modified_gmt":"2025-10-14T16:03:12","slug":"kimona-i-haori","status":"publish","type":"page","link":"https:\/\/ladymargo.pl\/?page_id=102","title":{"rendered":"Kimona i haori"},"content":{"rendered":"<p>[et_pb_section fb_built=&#8221;1&#8243; _builder_version=&#8221;4.27.4&#8243; _module_preset=&#8221;default&#8221; background_image=&#8221;https:\/\/ladymargo.pl\/wp-content\/uploads\/2025\/09\/kimona-haori-Lady-MARGO.webp&#8221; custom_padding=&#8221;54px||54px||true|&#8221; global_colors_info=&#8221;{}&#8221;][et_pb_row _builder_version=&#8221;4.27.4&#8243; _module_preset=&#8221;default&#8221; custom_padding=&#8221;0px||0px|||&#8221; global_colors_info=&#8221;{}&#8221;][et_pb_column type=&#8221;4_4&#8243; _builder_version=&#8221;4.27.4&#8243; _module_preset=&#8221;default&#8221; global_colors_info=&#8221;{}&#8221;][et_pb_text _builder_version=&#8221;4.27.4&#8243; _module_preset=&#8221;default&#8221; header_font=&#8221;Montserrat|300|||||||&#8221; header_text_color=&#8221;#FFFFFF&#8221; background_color=&#8221;gcid-cdb61b0b-b364-4c35-97b8-35fa6b8329cc&#8221; text_orientation=&#8221;center&#8221; width=&#8221;200px&#8221; width_tablet=&#8221;190px&#8221; width_phone=&#8221;180px&#8221; width_last_edited=&#8221;on|tablet&#8221; module_alignment=&#8221;center&#8221; custom_margin=&#8221;||||false|false&#8221; custom_padding=&#8221;60px||60px||true|false&#8221; hover_enabled=&#8221;0&#8243; header_font_size_tablet=&#8221;24px&#8221; header_font_size_phone=&#8221;20px&#8221; header_font_size_last_edited=&#8221;on|phone&#8221; border_radii=&#8221;on|808px|808px|808px|808px&#8221; global_colors_info=&#8221;{%22gcid-cdb61b0b-b364-4c35-97b8-35fa6b8329cc%22:%91%22background_color%22%93}&#8221; sticky_enabled=&#8221;0&#8243;]<\/p>\n<h1 style=\"text-align: center;\">KIMONA<\/h1>\n<h1 style=\"text-align: center;\">HAORI<\/h1>\n<p>[\/et_pb_text][\/et_pb_column][\/et_pb_row][\/et_pb_section][et_pb_section fb_built=&#8221;1&#8243; _builder_version=&#8221;4.27.4&#8243; _module_preset=&#8221;default&#8221; global_colors_info=&#8221;{}&#8221;][et_pb_row column_structure=&#8221;1_3,1_3,1_3&#8243; use_custom_gutter=&#8221;on&#8221; _builder_version=&#8221;4.27.4&#8243; _module_preset=&#8221;default&#8221; width=&#8221;81%&#8221; global_colors_info=&#8221;{}&#8221;][et_pb_column type=&#8221;1_3&#8243; _builder_version=&#8221;4.27.4&#8243; _module_preset=&#8221;default&#8221; global_colors_info=&#8221;{}&#8221;][et_pb_image src=&#8221;https:\/\/ladymargo.pl\/wp-content\/uploads\/2025\/09\/IKONY-8.png&#8221; title_text=&#8221;IKONY-8&#8243; _builder_version=&#8221;4.27.4&#8243; _module_preset=&#8221;default&#8221; global_colors_info=&#8221;{}&#8221;][\/et_pb_image][et_pb_text _builder_version=&#8221;4.27.4&#8243; _module_preset=&#8221;default&#8221; header_2_font=&#8221;Montserrat|300|||||||&#8221; header_2_font_size=&#8221;39px&#8221; header_2_line_height=&#8221;1.2em&#8221; custom_margin=&#8221;||0px|||&#8221; global_colors_info=&#8221;{}&#8221;]<\/p>\n<h2>Urok Kimona<\/h2>\n<p>[\/et_pb_text][et_pb_divider color=&#8221;gcid-cdb61b0b-b364-4c35-97b8-35fa6b8329cc&#8221; divider_weight=&#8221;2px&#8221; _builder_version=&#8221;4.27.4&#8243; _module_preset=&#8221;default&#8221; width=&#8221;200px&#8221; hover_enabled=&#8221;0&#8243; global_colors_info=&#8221;{%22gcid-cdb61b0b-b364-4c35-97b8-35fa6b8329cc%22:%91%22color%22%93}&#8221; sticky_enabled=&#8221;0&#8243;][\/et_pb_divider][\/et_pb_column][et_pb_column type=&#8221;1_3&#8243; _builder_version=&#8221;4.27.4&#8243; _module_preset=&#8221;default&#8221; global_colors_info=&#8221;{}&#8221;][et_pb_text _builder_version=&#8221;4.27.4&#8243; _module_preset=&#8221;default&#8221; text_font=&#8221;Montserrat||||||||&#8221; hover_enabled=&#8221;0&#8243; global_colors_info=&#8221;{}&#8221; sticky_enabled=&#8221;0&#8243;]<\/p>\n<p>Kimona, haori i yukaty totradycyjne stroje, kt\u00f3re od zawsze mnie fascynowa\u0142y. Ich piekne wzory i kolory przenosz\u0105 mnie od razu do pi\u0119knej Japoni.<\/p>\n<p>Za\u0142o\u017cenie kimona sprawia, \u017ce czuj\u0119 si\u0119 wyj\u0105tkowo. Maj\u0105 te\u017c swoje praktyczne zastosownaia. Mo\u017cna je ubra\u0107 na pla\u017c\u0119 jako str\u00f3j chroni\u0105cy przed s\u0142o\u0144cem lub na letni festiwal.<\/p>\n<p>&nbsp;<\/p>\n<p>[\/et_pb_text][\/et_pb_column][et_pb_column type=&#8221;1_3&#8243; _builder_version=&#8221;4.27.4&#8243; _module_preset=&#8221;default&#8221; global_colors_info=&#8221;{}&#8221;][et_pb_image src=&#8221;https:\/\/ladymargo.pl\/wp-content\/uploads\/2025\/09\/kimona-Lady-MARGO_3.webp&#8221; title_text=&#8221;kimona Lady MARGO_3&#8243; _builder_version=&#8221;4.27.4&#8243; _module_preset=&#8221;default&#8221; width=&#8221;100%&#8221; global_colors_info=&#8221;{}&#8221;][\/et_pb_image][\/et_pb_column][\/et_pb_row][\/et_pb_section][et_pb_section fb_built=&#8221;1&#8243; _builder_version=&#8221;4.27.4&#8243; _module_preset=&#8221;default&#8221; background_color=&#8221;#f7f7f7&#8243; custom_padding=&#8221;31px||138px|||&#8221; global_colors_info=&#8221;{}&#8221;][et_pb_row _builder_version=&#8221;4.27.4&#8243; _module_preset=&#8221;default&#8221; global_colors_info=&#8221;{}&#8221;][et_pb_column type=&#8221;4_4&#8243; _builder_version=&#8221;4.27.4&#8243; _module_preset=&#8221;default&#8221; global_colors_info=&#8221;{}&#8221;][et_pb_text _builder_version=&#8221;4.27.4&#8243; _module_preset=&#8221;default&#8221; header_2_font=&#8221;Montserrat|300|||||||&#8221; header_2_font_size=&#8221;39px&#8221; header_2_line_height=&#8221;1.2em&#8221; custom_margin=&#8221;||6px|||&#8221; global_colors_info=&#8221;{}&#8221;]<\/p>\n<h2 style=\"text-align: center;\">Z&nbsp;czego szyj\u0119 ?<\/h2>\n<p>[\/et_pb_text][et_pb_divider color=&#8221;gcid-cdb61b0b-b364-4c35-97b8-35fa6b8329cc&#8221; divider_weight=&#8221;2px&#8221; _builder_version=&#8221;4.27.4&#8243; _module_preset=&#8221;default&#8221; width=&#8221;200px&#8221; module_alignment=&#8221;center&#8221; hover_enabled=&#8221;0&#8243; global_colors_info=&#8221;{%22gcid-cdb61b0b-b364-4c35-97b8-35fa6b8329cc%22:%91%22color%22%93}&#8221; sticky_enabled=&#8221;0&#8243;][\/et_pb_divider][\/et_pb_column][\/et_pb_row][et_pb_row column_structure=&#8221;1_4,1_4,1_4,1_4&#8243; _builder_version=&#8221;4.27.4&#8243; _module_preset=&#8221;default&#8221; max_width=&#8221;1440px&#8221; global_colors_info=&#8221;{}&#8221;][et_pb_column type=&#8221;1_4&#8243; _builder_version=&#8221;4.27.4&#8243; _module_preset=&#8221;default&#8221; global_colors_info=&#8221;{}&#8221;][et_pb_image src=&#8221;https:\/\/ladymargo.pl\/wp-content\/uploads\/2025\/09\/BAWELNA-cyfrowa.webp&#8221; title_text=&#8221;BAWE\u0141NA cyfrowa&#8221; _builder_version=&#8221;4.27.4&#8243; _module_preset=&#8221;default&#8221; border_radii=&#8221;on|782px|782px|782px|782px&#8221; global_colors_info=&#8221;{}&#8221;][\/et_pb_image][et_pb_text _builder_version=&#8221;4.27.4&#8243; _module_preset=&#8221;default&#8221; header_3_font=&#8221;Montserrat|700||on|||||&#8221; header_3_letter_spacing=&#8221;4px&#8221; hover_enabled=&#8221;0&#8243; global_colors_info=&#8221;{}&#8221; sticky_enabled=&#8221;0&#8243;]<\/p>\n<h3 style=\"text-align: left;\"><span class=\"a_GcMg font-feature-liga-off font-feature-clig-off font-feature-calt-off text-decoration-none text-strikethrough-none\">Bawe\u0142na drukowana cyfrowo<\/span><\/h3>\n<p style=\"text-align: left;\">Bawe\u0142na o splocie satynowym lub tradycyjnym. Sama projektuj\u0119 wzory na tej tkanianie. Wi\u0119c je\u015bi chcesz co\u015b specjanego &#8211; mog\u0119 zaprojektowa\u0107 wz\u00f3r specjalnie dla Ciebie. Ze wzg\u0119du na indywidualnie projektowany wz\u00f3r jest to materia\u0142 dro\u017cszy od pozosta\u0142ych.<\/p>\n<p>[\/et_pb_text][\/et_pb_column][et_pb_column type=&#8221;1_4&#8243; _builder_version=&#8221;4.27.4&#8243; _module_preset=&#8221;default&#8221; global_colors_info=&#8221;{}&#8221;][et_pb_image src=&#8221;https:\/\/ladymargo.pl\/wp-content\/uploads\/2025\/09\/BAWELNA-zlocona.webp&#8221; title_text=&#8221;BAWE\u0141NA z\u0142ocona&#8221; _builder_version=&#8221;4.27.4&#8243; _module_preset=&#8221;default&#8221; border_radii=&#8221;on|574px|574px|574px|574px&#8221; global_colors_info=&#8221;{}&#8221;][\/et_pb_image][et_pb_text _builder_version=&#8221;4.27.4&#8243; _module_preset=&#8221;default&#8221; header_3_font=&#8221;Montserrat|700||on|||||&#8221; header_3_letter_spacing=&#8221;4px&#8221; hover_enabled=&#8221;0&#8243; global_colors_info=&#8221;{}&#8221; sticky_enabled=&#8221;0&#8243;]<\/p>\n<h3><span class=\"a_GcMg font-feature-liga-off font-feature-clig-off font-feature-calt-off text-decoration-none text-strikethrough-none\">Bawe\u0142na z\u00a0z<\/span><span class=\"a_GcMg font-feature-liga-off font-feature-clig-off font-feature-calt-off text-decoration-none text-strikethrough-none\">\u0142<\/span><span class=\"a_GcMg font-feature-liga-off font-feature-clig-off font-feature-calt-off text-decoration-none text-strikethrough-none\">oceniem<\/span><\/h3>\n<p>Ten rodzaj tkaniny jest wytrzyma\u0142y oddychaj\u0105cy i\u00a0ma\u00a0\u017cywe koory, kt\u00f3re s\u0105\u00a0wzbogacone ozdobnym z\u0142oceniem.<\/p>\n<p>Kimona i\u00a0haori uszyte z\u00a0tego mteria\u0142u s\u0105\u00a0pe\u0142ne wewn\u0119trznego blasku.<\/p>\n<p>[\/et_pb_text][\/et_pb_column][et_pb_column type=&#8221;1_4&#8243; _builder_version=&#8221;4.27.4&#8243; _module_preset=&#8221;default&#8221; global_colors_info=&#8221;{}&#8221;][et_pb_image src=&#8221;https:\/\/ladymargo.pl\/wp-content\/uploads\/2025\/09\/BAWELNA-wzorzasta.webp&#8221; title_text=&#8221;BAWE\u0141NA wzorzasta&#8221; _builder_version=&#8221;4.27.4&#8243; _module_preset=&#8221;default&#8221; border_radii=&#8221;on|648px|648px|648px|648px&#8221; global_colors_info=&#8221;{}&#8221;][\/et_pb_image][et_pb_text _builder_version=&#8221;4.27.4&#8243; _module_preset=&#8221;default&#8221; header_3_font=&#8221;Montserrat|700||on|||||&#8221; header_3_letter_spacing=&#8221;4px&#8221; hover_enabled=&#8221;0&#8243; global_colors_info=&#8221;{}&#8221; sticky_enabled=&#8221;0&#8243;]<\/p>\n<h3><span class=\"a_GcMg font-feature-liga-off font-feature-clig-off font-feature-calt-off text-decoration-none text-strikethrough-none\">Bawe\u0142na wzorzasta<\/span><\/h3>\n<p>Tkanina w jednoity powtarzany wz\u00f3r. Jest w miar\u0119 dostepna cenowo datego kimona i haori uszyte z niej s\u0105 ta\u0144sze. Co nie odbiera im pi\u0119kna i charakteru. Razem mo\u017cemy odnae\u017a\u0107 tkanin\u0119 kt\u00f3ra b\u0119dzie odzwierciedeniem Ciebie.<\/p>\n<p>[\/et_pb_text][\/et_pb_column][et_pb_column type=&#8221;1_4&#8243; _builder_version=&#8221;4.27.4&#8243; _module_preset=&#8221;default&#8221; global_colors_info=&#8221;{}&#8221;][et_pb_image src=&#8221;https:\/\/ladymargo.pl\/wp-content\/uploads\/2025\/09\/Len.webp&#8221; title_text=&#8221;Len&#8221; _builder_version=&#8221;4.27.4&#8243; _module_preset=&#8221;default&#8221; border_radii=&#8221;on|648px|648px|648px|648px&#8221; global_colors_info=&#8221;{}&#8221;][\/et_pb_image][et_pb_text _builder_version=&#8221;4.27.4&#8243; _module_preset=&#8221;default&#8221; header_3_font=&#8221;Montserrat|700||on|||||&#8221; header_3_letter_spacing=&#8221;4px&#8221; global_colors_info=&#8221;{}&#8221;]<\/p>\n<h3><span class=\"a_GcMg font-feature-liga-off font-feature-clig-off font-feature-calt-off text-decoration-none text-strikethrough-none\">LEN<\/span><\/h3>\n<p>Czyli klasyczna letnia i&nbsp;wytrzyma\u0142a tkanina wyst\u0119puj\u0105ca zar\u00f3wno w&nbsp;opcji drukowanej jak i&nbsp;w&nbsp;jednolitym koorze. Idealnie nadaje si\u0119 na&nbsp;m\u0119skie haori.<\/p>\n<p>[\/et_pb_text][\/et_pb_column][\/et_pb_row][\/et_pb_section][et_pb_section fb_built=&#8221;1&#8243; _builder_version=&#8221;4.27.4&#8243; _module_preset=&#8221;default&#8221; custom_padding=&#8221;0px|||||&#8221; global_colors_info=&#8221;{}&#8221;][et_pb_row _builder_version=&#8221;4.27.4&#8243; _module_preset=&#8221;default&#8221; global_colors_info=&#8221;{}&#8221;][et_pb_column type=&#8221;4_4&#8243; _builder_version=&#8221;4.27.4&#8243; _module_preset=&#8221;default&#8221; global_colors_info=&#8221;{}&#8221;][et_pb_text _builder_version=&#8221;4.27.4&#8243; _module_preset=&#8221;default&#8221; header_2_font=&#8221;Montserrat|300|||||||&#8221; header_2_font_size=&#8221;39px&#8221; header_2_line_height=&#8221;1.2em&#8221; custom_margin=&#8221;||6px|||&#8221; global_colors_info=&#8221;{}&#8221;]<\/p>\n<h2 style=\"text-align: center;\">Zobacz co&nbsp;mo\u017cesz kupi\u0107\u00a0<\/h2>\n<p>[\/et_pb_text][et_pb_divider color=&#8221;gcid-cdb61b0b-b364-4c35-97b8-35fa6b8329cc&#8221; divider_weight=&#8221;2px&#8221; _builder_version=&#8221;4.27.4&#8243; _module_preset=&#8221;default&#8221; width=&#8221;200px&#8221; module_alignment=&#8221;center&#8221; hover_enabled=&#8221;0&#8243; global_colors_info=&#8221;{%22gcid-cdb61b0b-b364-4c35-97b8-35fa6b8329cc%22:%91%22color%22%93}&#8221; sticky_enabled=&#8221;0&#8243;][\/et_pb_divider][\/et_pb_column][\/et_pb_row][et_pb_row _builder_version=&#8221;4.27.4&#8243; _module_preset=&#8221;default&#8221; global_colors_info=&#8221;{}&#8221;][et_pb_column type=&#8221;4_4&#8243; _builder_version=&#8221;4.27.4&#8243; _module_preset=&#8221;default&#8221; global_colors_info=&#8221;{}&#8221;][et_pb_shop type=&#8221;product_category&#8221; include_categories=&#8221;20,21&#8243; icon_hover_color=&#8221;#FFFFFF&#8221; hover_overlay_color=&#8221;rgba(0,0,0,0.23)&#8221; hover_icon=&#8221;&#x24;||divi||400&#8243; _builder_version=&#8221;4.27.4&#8243; _module_preset=&#8221;default&#8221; title_font=&#8221;Montserrat|||on|||||&#8221; price_font=&#8221;Montserrat|700|||||||&#8221; price_text_color=&#8221;#000000&#8243; price_font_size=&#8221;23px&#8221; sale_price_text_color=&#8221;#E02B20&#8243; border_width_all_image=&#8221;5px&#8221; border_color_all_image=&#8221;#FFFFFF&#8221; box_shadow_style_image=&#8221;preset3&#8243; global_colors_info=&#8221;{}&#8221;][\/et_pb_shop][\/et_pb_column][\/et_pb_row][\/et_pb_section]<\/p>\n","protected":false},"excerpt":{"rendered":"<p>KIMONA HAORIUrok KimonaKimona, haori i yukaty totradycyjne stroje, kt\u00f3re od zawsze mnie fascynowa\u0142y. Ich piekne wzory i kolory przenosz\u0105 mnie od razu do pi\u0119knej Japoni. Za\u0142o\u017cenie kimona sprawia, \u017ce czuj\u0119 si\u0119 wyj\u0105tkowo. Maj\u0105 te\u017c swoje praktyczne zastosownaia. Mo\u017cna je ubra\u0107 na pla\u017c\u0119 jako str\u00f3j chroni\u0105cy przed s\u0142o\u0144cem lub na letni festiwal. &nbsp;Z&nbsp;czego szyj\u0119 ?Bawe\u0142na drukowana [&hellip;]<\/p>\n","protected":false},"author":2,"featured_media":44,"parent":0,"menu_order":0,"comment_status":"closed","ping_status":"closed","template":"","meta":{"_et_pb_use_builder":"on","_et_pb_old_content":"","_et_gb_content_width":"","footnotes":""},"class_list":["post-102","page","type-page","status-publish","has-post-thumbnail","hentry"],"yoast_head":"<!-- This site is optimized with the Yoast SEO plugin v25.8 - https:\/\/yoast.com\/wordpress\/plugins\/seo\/ -->\n<title>Kimona i haori - Lady MARGO<\/title>\n<meta name=\"robots\" content=\"noindex, follow, max-snippet:-1, max-image-preview:large, max-video-preview:-1\" \/>\n<meta property=\"og:locale\" content=\"pl_PL\" \/>\n<meta property=\"og:type\" content=\"article\" \/>\n<meta property=\"og:title\" content=\"Kimona i haori - Lady MARGO\" \/>\n<meta property=\"og:description\" content=\"KIMONA HAORIUrok KimonaKimona, haori i yukaty totradycyjne stroje, kt\u00f3re od zawsze mnie fascynowa\u0142y. Ich piekne wzory i kolory przenosz\u0105 mnie od razu do pi\u0119knej Japoni. Za\u0142o\u017cenie kimona sprawia, \u017ce czuj\u0119 si\u0119 wyj\u0105tkowo. Maj\u0105 te\u017c swoje praktyczne zastosownaia. Mo\u017cna je ubra\u0107 na pla\u017c\u0119 jako str\u00f3j chroni\u0105cy przed s\u0142o\u0144cem lub na letni festiwal. &nbsp;Z&nbsp;czego szyj\u0119 ?Bawe\u0142na drukowana [&hellip;]\" \/>\n<meta property=\"og:url\" content=\"https:\/\/ladymargo.pl\/?page_id=102\" \/>\n<meta property=\"og:site_name\" content=\"Lady MARGO\" \/>\n<meta property=\"article:modified_time\" content=\"2025-10-14T16:03:12+00:00\" \/>\n<meta property=\"og:image\" content=\"https:\/\/ladymargo.pl\/wp-content\/uploads\/2025\/09\/kimona-Lady-MARGO-scaled.webp\" \/>\n\t<meta property=\"og:image:width\" content=\"2560\" \/>\n\t<meta property=\"og:image:height\" content=\"1778\" \/>\n\t<meta property=\"og:image:type\" content=\"image\/webp\" \/>\n<meta name=\"twitter:card\" content=\"summary_large_image\" \/>\n<meta name=\"twitter:label1\" content=\"Szacowany czas czytania\" \/>\n\t<meta name=\"twitter:data1\" content=\"1 minuta\" \/>\n<script type=\"application\/ld+json\" class=\"yoast-schema-graph\">{\"@context\":\"https:\/\/schema.org\",\"@graph\":[{\"@type\":\"WebPage\",\"@id\":\"https:\/\/ladymargo.pl\/?page_id=102\",\"url\":\"https:\/\/ladymargo.pl\/?page_id=102\",\"name\":\"Kimona i haori - Lady MARGO\",\"isPartOf\":{\"@id\":\"https:\/\/ladymargo.pl\/#website\"},\"primaryImageOfPage\":{\"@id\":\"https:\/\/ladymargo.pl\/?page_id=102#primaryimage\"},\"image\":{\"@id\":\"https:\/\/ladymargo.pl\/?page_id=102#primaryimage\"},\"thumbnailUrl\":\"https:\/\/ladymargo.pl\/wp-content\/uploads\/2025\/09\/kimona-Lady-MARGO-scaled.webp\",\"datePublished\":\"2025-09-16T11:25:06+00:00\",\"dateModified\":\"2025-10-14T16:03:12+00:00\",\"breadcrumb\":{\"@id\":\"https:\/\/ladymargo.pl\/?page_id=102#breadcrumb\"},\"inLanguage\":\"pl-PL\",\"potentialAction\":[{\"@type\":\"ReadAction\",\"target\":[\"https:\/\/ladymargo.pl\/?page_id=102\"]}]},{\"@type\":\"ImageObject\",\"inLanguage\":\"pl-PL\",\"@id\":\"https:\/\/ladymargo.pl\/?page_id=102#primaryimage\",\"url\":\"https:\/\/ladymargo.pl\/wp-content\/uploads\/2025\/09\/kimona-Lady-MARGO-scaled.webp\",\"contentUrl\":\"https:\/\/ladymargo.pl\/wp-content\/uploads\/2025\/09\/kimona-Lady-MARGO-scaled.webp\",\"width\":2560,\"height\":1778},{\"@type\":\"BreadcrumbList\",\"@id\":\"https:\/\/ladymargo.pl\/?page_id=102#breadcrumb\",\"itemListElement\":[{\"@type\":\"ListItem\",\"position\":1,\"name\":\"Strona g\u0142\u00f3wna\",\"item\":\"https:\/\/ladymargo.pl\/\"},{\"@type\":\"ListItem\",\"position\":2,\"name\":\"Kimona i haori\"}]},{\"@type\":\"WebSite\",\"@id\":\"https:\/\/ladymargo.pl\/#website\",\"url\":\"https:\/\/ladymargo.pl\/\",\"name\":\"Lady MARGO\",\"description\":\"Kaligrafie | Obrazy | Kimona | Haori | Furoshiki\",\"potentialAction\":[{\"@type\":\"SearchAction\",\"target\":{\"@type\":\"EntryPoint\",\"urlTemplate\":\"https:\/\/ladymargo.pl\/?s={search_term_string}\"},\"query-input\":{\"@type\":\"PropertyValueSpecification\",\"valueRequired\":true,\"valueName\":\"search_term_string\"}}],\"inLanguage\":\"pl-PL\"}]}<\/script>\n<!-- \/ Yoast SEO plugin. -->","yoast_head_json":{"title":"Kimona i haori - Lady MARGO","robots":{"index":"noindex","follow":"follow","max-snippet":"max-snippet:-1","max-image-preview":"max-image-preview:large","max-video-preview":"max-video-preview:-1"},"og_locale":"pl_PL","og_type":"article","og_title":"Kimona i haori - Lady MARGO","og_description":"KIMONA HAORIUrok KimonaKimona, haori i yukaty totradycyjne stroje, kt\u00f3re od zawsze mnie fascynowa\u0142y. Ich piekne wzory i kolory przenosz\u0105 mnie od razu do pi\u0119knej Japoni. Za\u0142o\u017cenie kimona sprawia, \u017ce czuj\u0119 si\u0119 wyj\u0105tkowo. Maj\u0105 te\u017c swoje praktyczne zastosownaia. Mo\u017cna je ubra\u0107 na pla\u017c\u0119 jako str\u00f3j chroni\u0105cy przed s\u0142o\u0144cem lub na letni festiwal. &nbsp;Z&nbsp;czego szyj\u0119 ?Bawe\u0142na drukowana [&hellip;]","og_url":"https:\/\/ladymargo.pl\/?page_id=102","og_site_name":"Lady MARGO","article_modified_time":"2025-10-14T16:03:12+00:00","og_image":[{"width":2560,"height":1778,"url":"https:\/\/ladymargo.pl\/wp-content\/uploads\/2025\/09\/kimona-Lady-MARGO-scaled.webp","type":"image\/webp"}],"twitter_card":"summary_large_image","twitter_misc":{"Szacowany czas czytania":"1 minuta"},"schema":{"@context":"https:\/\/schema.org","@graph":[{"@type":"WebPage","@id":"https:\/\/ladymargo.pl\/?page_id=102","url":"https:\/\/ladymargo.pl\/?page_id=102","name":"Kimona i haori - Lady MARGO","isPartOf":{"@id":"https:\/\/ladymargo.pl\/#website"},"primaryImageOfPage":{"@id":"https:\/\/ladymargo.pl\/?page_id=102#primaryimage"},"image":{"@id":"https:\/\/ladymargo.pl\/?page_id=102#primaryimage"},"thumbnailUrl":"https:\/\/ladymargo.pl\/wp-content\/uploads\/2025\/09\/kimona-Lady-MARGO-scaled.webp","datePublished":"2025-09-16T11:25:06+00:00","dateModified":"2025-10-14T16:03:12+00:00","breadcrumb":{"@id":"https:\/\/ladymargo.pl\/?page_id=102#breadcrumb"},"inLanguage":"pl-PL","potentialAction":[{"@type":"ReadAction","target":["https:\/\/ladymargo.pl\/?page_id=102"]}]},{"@type":"ImageObject","inLanguage":"pl-PL","@id":"https:\/\/ladymargo.pl\/?page_id=102#primaryimage","url":"https:\/\/ladymargo.pl\/wp-content\/uploads\/2025\/09\/kimona-Lady-MARGO-scaled.webp","contentUrl":"https:\/\/ladymargo.pl\/wp-content\/uploads\/2025\/09\/kimona-Lady-MARGO-scaled.webp","width":2560,"height":1778},{"@type":"BreadcrumbList","@id":"https:\/\/ladymargo.pl\/?page_id=102#breadcrumb","itemListElement":[{"@type":"ListItem","position":1,"name":"Strona g\u0142\u00f3wna","item":"https:\/\/ladymargo.pl\/"},{"@type":"ListItem","position":2,"name":"Kimona i haori"}]},{"@type":"WebSite","@id":"https:\/\/ladymargo.pl\/#website","url":"https:\/\/ladymargo.pl\/","name":"Lady MARGO","description":"Kaligrafie | Obrazy | Kimona | Haori | Furoshiki","potentialAction":[{"@type":"SearchAction","target":{"@type":"EntryPoint","urlTemplate":"https:\/\/ladymargo.pl\/?s={search_term_string}"},"query-input":{"@type":"PropertyValueSpecification","valueRequired":true,"valueName":"search_term_string"}}],"inLanguage":"pl-PL"}]}},"_links":{"self":[{"href":"https:\/\/ladymargo.pl\/index.php?rest_route=\/wp\/v2\/pages\/102","targetHints":{"allow":["GET"]}}],"collection":[{"href":"https:\/\/ladymargo.pl\/index.php?rest_route=\/wp\/v2\/pages"}],"about":[{"href":"https:\/\/ladymargo.pl\/index.php?rest_route=\/wp\/v2\/types\/page"}],"author":[{"embeddable":true,"href":"https:\/\/ladymargo.pl\/index.php?rest_route=\/wp\/v2\/users\/2"}],"replies":[{"embeddable":true,"href":"https:\/\/ladymargo.pl\/index.php?rest_route=%2Fwp%2Fv2%2Fcomments&post=102"}],"version-history":[{"count":11,"href":"https:\/\/ladymargo.pl\/index.php?rest_route=\/wp\/v2\/pages\/102\/revisions"}],"predecessor-version":[{"id":309,"href":"https:\/\/ladymargo.pl\/index.php?rest_route=\/wp\/v2\/pages\/102\/revisions\/309"}],"wp:featuredmedia":[{"embeddable":true,"href":"https:\/\/ladymargo.pl\/index.php?rest_route=\/wp\/v2\/media\/44"}],"wp:attachment":[{"href":"https:\/\/ladymargo.pl\/index.php?rest_route=%2Fwp%2Fv2%2Fmedia&parent=102"}],"curies":[{"name":"wp","href":"https:\/\/api.w.org\/{rel}","templated":true}]}}